{"id":4477,"date":"2018-02-07T13:43:23","date_gmt":"2018-02-07T13:43:23","guid":{"rendered":"https:\/\/locandapoggioleone.it\/ristorante-umbria-hotel\/"},"modified":"2026-01-15T10:58:25","modified_gmt":"2026-01-15T10:58:25","slug":"restaurant-umbrien-hotel","status":"publish","type":"page","link":"https:\/\/locandapoggioleone.it\/de\/restaurant-umbrien-hotel\/","title":{"rendered":"Restaurant"},"content":{"rendered":"<p>[vc_row full_width=&#8220;stretch_row_content_no_spaces&#8220; css=&#8220;.vc_custom_1765377466360{margin-bottom: 0px !important;border-bottom-width: 0px !important;padding-bottom: 0px !important;}&#8220;][vc_column css=&#8220;.vc_custom_1765377451352{margin-bottom: 0px !important;border-bottom-width: 0px !important;padding-bottom: 0px !important;}&#8220;][vc_column_text el_class=&#8220;mw900&#8243;]<\/p>\n<h1 style=\"text-align: center;\">Ein Restaurant, das von unserer Region erz\u00e4hlt<\/h1>\n<p style=\"text-align: center;\">Zwischen dem Duft von frisch gebackenem Brot, lokalen Produkten und Rezepten, die die Erinnerung an die Familie bewahren, wird jedes Gericht zu einer Reise durch die Aromen Umbriens und der Toskana, begleitet von der Magie der Landschaft, die die Locanda umgibt.[\/vc_column_text][vc_single_image image=&#8220;4329&#8243; img_size=&#8220;full&#8220; css=&#8220;.vc_custom_1765377458450{margin-bottom: 0px !important;border-bottom-width: 0px !important;padding-bottom: 0px !important;}&#8220;][\/vc_column][\/vc_row][vc_row full_width=&#8220;stretch_row_content_no_spaces&#8220; equal_height=&#8220;yes&#8220; content_placement=&#8220;middle&#8220; css=&#8220;.vc_custom_1768474654854{margin-top: 0px !important;margin-bottom: 0px !important;padding-top: 0px !important;padding-bottom: 0px !important;background: #fff5eb url(https:\/\/locandapoggioleone.it\/wp-content\/uploads\/2025\/12\/bg-pane-1.jpg?id=4258) !important;}&#8220;][vc_column width=&#8220;1\/2&#8243; css=&#8220;.vc_custom_1762961452265{padding-top: 30px !important;padding-bottom: 30px !important;}&#8220;][vc_column_text el_class=&#8220;mw600&#8243;]<\/p>\n<h2>Seit jeher ist Gastfreundschaft f\u00fcr die Menschen in Umbrien und der Toskana ein Ritual<\/h2>\n<p>Hier \u00e4ndert sich die Atmosph\u00e4re mit dem Tageslicht: Am Morgen ist sie hell und beruhigend, bei Sonnenuntergang wird sie von goldenen Reflexen erw\u00e4rmt und am Abend wird sie intim, fast schwebend. Die gro\u00dfen Fenster mit Blick auf den Park und den Trasimenischen See bieten ein Panorama, das jeden Augenblick begleitet und eine einfache Mahlzeit zu einem unvergesslichen Moment macht.<\/p>\n<p>Gastfreundschaft ist unsere Art, Sie willkommen zu hei\u00dfen: diskret, aber pr\u00e4sent, mit Liebe zum Detail und immer aufrichtig. Wir m\u00f6chten, dass sich jeder, der hier hereinkommt, sofort wohlf\u00fchlt, wie bei Freunden, die mit einem gedeckten Tisch auf Sie warten. Dieser Geist leitet jede Entscheidung, von der Pflege der Umgebung bis zur Auswahl der Produkte, vom L\u00e4cheln der Bedienung bis zur Ruhe, die im Speisesaal herrscht.[\/vc_column_text][\/vc_column][vc_column width=&#8220;1\/2&#8243; css=&#8220;.vc_custom_1768474664190{margin-top: 0px !important;margin-bottom: 0px !important;padding-top: 0px !important;padding-bottom: 0px !important;}&#8220;][vc_images_carousel images=&#8220;4356,4353,4335&#8243; img_size=&#8220;full&#8220; onclick=&#8220;link_no&#8220; speed=&#8220;4000&#8243; el_class=&#8220;frammato&#8220;][\/vc_column][\/vc_row][vc_row full_width=&#8220;stretch_row_content_no_spaces&#8220; equal_height=&#8220;yes&#8220; content_placement=&#8220;middle&#8220; css=&#8220;.vc_custom_1768474674776{padding-top: 0px !important;padding-bottom: 0px !important;background-image: url(https:\/\/locandapoggioleone.it\/wp-content\/uploads\/2025\/12\/bg-picnic-2.jpg?id=4262) !important;}&#8220;][vc_column width=&#8220;1\/2&#8243; css=&#8220;.vc_custom_1768474701399{margin-top: 0px !important;padding-top: 0px !important;}&#8220;][vc_images_carousel images=&#8220;4338,4344,4341&#8243; img_size=&#8220;full&#8220; onclick=&#8220;link_no&#8220; speed=&#8220;4000&#8243; el_class=&#8220;frammato&#8220;][\/vc_column][vc_column width=&#8220;1\/2&#8243; css=&#8220;.vc_custom_1762961452265{padding-top: 30px !important;padding-bottom: 30px !important;}&#8220;][vc_column_text el_class=&#8220;mw600&#8243;]<\/p>\n<h2>Eine K\u00fcche, die von unserer Region erz\u00e4hlt<\/h2>\n<p>Unser gastronomisches Angebot verbindet Tradition und Authentizit\u00e4t und bringt die echtesten Aromen Umbriens und der Toskana auf den Tisch.<br \/>\nUnsere K\u00f6che verarbeiten lokale Zutaten, die sorgf\u00e4ltig und unter Ber\u00fccksichtigung der Saison ausgew\u00e4hlt werden: Mehl, H\u00fclsenfr\u00fcchte und Gem\u00fcse aus der Region, Chianina-Rindfleisch aus nahe gelegenen Zuchtbetrieben, Fisch aus dem Trasimenischen See, Tr\u00fcffel, Safran und Produkte, die alte Geschichten bewahren.<\/p>\n<p>Brot und Pasta werden nach \u00fcberlieferten Verfahren von Hand zubereitet. So entsteht jedes Gericht: aus einer bewussten Auswahl, aus einer Zutat, die von unserer Region erz\u00e4hlt, aus einem Rezept, das ohne Kunstgriffe begeistern will. Es ist die K\u00fcche der Erinnerungen, der D\u00fcfte von zu Hause, der festlich gedeckten Tische an Feiertagen. Eine K\u00fcche, die dazu einl\u00e4dt, sich Zeit zu nehmen, zu genie\u00dfen und sich \u00fcberraschen zu lassen.<\/p>\n<p>Und f\u00fcr diejenigen, die eine noch umfassendere Geschmacksreise w\u00fcnschen, begleitet und unterstreicht unsere Auswahl an lokalen Weinen jeden Gang und schafft einen perfekten Dialog zwischen Glas und Teller.[\/vc_column_text][\/vc_column][\/vc_row][vc_row full_width=&#8220;stretch_row_content_no_spaces&#8220; equal_height=&#8220;yes&#8220; content_placement=&#8220;middle&#8220; css=&#8220;.vc_custom_1768474516926{background: #fff5eb url(https:\/\/locandapoggioleone.it\/wp-content\/uploads\/2025\/11\/carta-chiara.jpg?id=3978) !important;}&#8220;][vc_column width=&#8220;1\/2&#8243; css=&#8220;.vc_custom_1762961452265{padding-top: 30px !important;padding-bottom: 30px !important;}&#8220;][vc_column_text el_class=&#8220;mw600&#8243;]<\/p>\n<h2>R\u00e4ume, die f\u00fcr Ihr Wohlbefinden konzipiert sind<\/h2>\n<p data-start=\"\u201e2178\u201c\" data-end=\"\u201e2502\u201c\">Das Restaurant bietet verschiedene R\u00e4umlichkeiten, von denen jede ihren eigenen Charakter hat, um jedem Geschmack gerecht zu werden. <br data-start=\"\u201e2285\u201c\" data-end=\"\u201e2288\u201c\" \/>Der gro\u00dfe, helle Hauptsaal ist dank der gro\u00dfen Fensterfronten, die den Blick auf den gr\u00fcnen Park freigeben, von Licht durchflutet. Hier wird die Aussicht zu einem integralen Bestandteil des Essens und folgt dem langsamen Rhythmus der Jahreszeiten.<\/p>\n<p data-start=\"\u201e2504\u201c\" data-end=\"\u201e2727\u201c\">Daneben erm\u00f6glicht ein <strong data-start=\"\u201a2517\u2018\" data-end=\"\u201e2538\u201c\">privater Raum<\/strong> intimere Momente: kleine Feiern, Jubil\u00e4en, romantische Abendessen oder Familientreffen. Es ist ein gem\u00fctlicher, ruhiger Raum, der zu Privatsph\u00e4re und Gelassenheit einl\u00e4dt.<\/p>\n<p data-start=\"\u201e2729\u201c\" data-end=\"\u201e2999\u201c\">In der sch\u00f6nen Jahreszeit verlagert sich der Zauber nach drau\u00dfen: Der <strong data-start=\"\u201a2791\u2018\" data-end=\"\u201e2819\u201c\">Pavillon im Park<\/strong> erm\u00f6glicht es Ihnen, umgeben vom Duft der Olivenb\u00e4ume und dem Zauber der H\u00fcgel zu speisen. Die Luft wird leichter, die Farben sanfter und das Erlebnis noch mitrei\u00dfender.<\/p>\n<p data-start=\"\u201e3001\u201c\" data-end=\"\u201e3209\u201c\">Wo auch immer Sie sitzen, wir haben nur ein Ziel: dass Sie sich wohlf\u00fchlen.<\/p>\n<p>[\/vc_column_text][\/vc_column][vc_column width=&#8220;1\/2&#8243; css=&#8220;.vc_custom_1768474695822{margin-top: 0px !important;padding-top: 0px !important;}&#8220;][vc_images_carousel images=&#8220;4347,4353&#8243; img_size=&#8220;full&#8220; onclick=&#8220;link_no&#8220; speed=&#8220;4000&#8243; el_class=&#8220;frammato&#8220;][\/vc_column][\/vc_row][vc_row full_width=&#8220;stretch_row&#8220; equal_height=&#8220;yes&#8220; content_placement=&#8220;middle&#8220; css=&#8220;.vc_custom_1762965771503{padding-top: 45px !important;padding-bottom: 45px !important;background-image: url(https:\/\/locandapoggioleone.it\/wp-content\/uploads\/2025\/11\/bg-form-2.jpg?id=3990) !important;}&#8220;][vc_column width=&#8220;1\/4&#8243;][\/vc_column][vc_column width=&#8220;1\/2&#8243;][vc_column_text]<\/p>\n<h3><strong data-start=\"\u201e308\u201c\" data-end=\"\u201e367\u201c\">Reservieren Sie Ihren Tisch<\/strong><\/h3>\n<p>Schreiben Sie uns oder rufen Sie uns an, um die Verf\u00fcgbarkeit zu \u00fcberpr\u00fcfen.[\/vc_column_text][vc_raw_html]JTVCZm9ybWlkYWJsZSUyMGlkJTNEMiU1RA==[\/vc_raw_html][\/vc_column][vc_column width=&#8220;1\/4&#8243;][\/vc_column][\/vc_row]<\/p>\n","protected":false},"excerpt":{"rendered":"<p>[vc_row full_width=&#8220;stretch_row_content_no_spaces&#8220; css=&#8220;.vc_custom_1765377466360{margin-bottom: 0px !important;border-bottom-width: 0px !important;padding-bottom: 0px !important;}&#8220;][vc_column css=&#8220;.vc_custom_1765377451352{margin-bottom: 0px !important;border-bottom-width: 0px !important;padding-bottom: 0px !important;}&#8220;][vc_column_text el_class=&#8220;mw900&#8243;] Ein Restaurant, das von unserer Region erz\u00e4hlt Zwischen dem Duft von frisch gebackenem Brot, lokalen Produkten und Rezepten, die die Erinnerung an die Familie bewahren, wird jedes Gericht zu einer Reise durch die Aromen Umbriens und der Toskana,&hellip;<\/p>\n","protected":false},"author":1,"featured_media":0,"parent":0,"menu_order":39,"comment_status":"closed","ping_status":"closed","template":"","meta":[],"aioseo_notices":[],"_links":{"self":[{"href":"https:\/\/locandapoggioleone.it\/de\/wp-json\/wp\/v2\/pages\/4477"}],"collection":[{"href":"https:\/\/locandapoggioleone.it\/de\/wp-json\/wp\/v2\/pages"}],"about":[{"href":"https:\/\/locandapoggioleone.it\/de\/wp-json\/wp\/v2\/types\/page"}],"author":[{"embeddable":true,"href":"https:\/\/locandapoggioleone.it\/de\/wp-json\/wp\/v2\/users\/1"}],"replies":[{"embeddable":true,"href":"https:\/\/locandapoggioleone.it\/de\/wp-json\/wp\/v2\/comments?post=4477"}],"version-history":[{"count":8,"href":"https:\/\/locandapoggioleone.it\/de\/wp-json\/wp\/v2\/pages\/4477\/revisions"}],"predecessor-version":[{"id":4540,"href":"https:\/\/locandapoggioleone.it\/de\/wp-json\/wp\/v2\/pages\/4477\/revisions\/4540"}],"wp:attachment":[{"href":"https:\/\/locandapoggioleone.it\/de\/wp-json\/wp\/v2\/media?parent=4477"}],"curies":[{"name":"wp","href":"https:\/\/api.w.org\/{rel}","templated":true}]}}