{"id":4473,"date":"2025-12-10T09:26:24","date_gmt":"2025-12-10T09:26:24","guid":{"rendered":"https:\/\/locandapoggioleone.it\/pic-nic-fra-gli-ulivi\/"},"modified":"2026-01-15T14:26:16","modified_gmt":"2026-01-15T14:26:16","slug":"picknick-unter-olivenbaumen","status":"publish","type":"page","link":"https:\/\/locandapoggioleone.it\/de\/picknick-unter-olivenbaumen\/","title":{"rendered":"Picknick unter Olivenb\u00e4umen"},"content":{"rendered":"<p>[vc_row full_width=&#8220;stretch_row_content_no_spaces&#8220; css=&#8220;.vc_custom_1765359701421{margin-bottom: 0px !important;border-bottom-width: 0px !important;padding-bottom: 0px !important;}&#8220;][vc_column css=&#8220;.vc_custom_1765359694900{margin-bottom: 0px !important;border-bottom-width: 0px !important;padding-bottom: 0px !important;}&#8220;][vc_column_text el_class=&#8220;mw900&#8243;]<\/p>\n<h1 style=\"text-align: center;\">Picknick unter Olivenb\u00e4umen<\/h1>\n<p style=\"text-align: center;\">Entschleunigen, durchatmen, genie\u00dfen. Lassen Sie den Rest vor dem Tor zur\u00fcck: Hier erwarten Sie nur Ruhe, Natur und Genuss.<br \/>\nEin St\u00fcckchen Paradies mit Blick auf den See \u2013 g\u00f6nnen Sie sich ein paar Stunden purer Sch\u00f6nheit, bestehend aus Aromen, Natur und Pr\u00e4senz.[\/vc_column_text][vc_single_image image=&#8220;4234&#8243; img_size=&#8220;full&#8220; alignment=&#8220;center&#8220; css=&#8220;.vc_custom_1765359683835{margin-bottom: 0px !important;border-bottom-width: 0px !important;padding-bottom: 0px !important;}&#8220;][\/vc_column][\/vc_row][vc_row full_width=&#8220;stretch_row_content_no_spaces&#8220; equal_height=&#8220;yes&#8220; content_placement=&#8220;middle&#8220; css=&#8220;.vc_custom_1768486659705{background: #fff5eb url(https:\/\/locandapoggioleone.it\/wp-content\/uploads\/2025\/12\/bg-pane-1.jpg?id=4258) !important;}&#8220;][vc_column width=&#8220;1\/2&#8243; css=&#8220;.vc_custom_1762961452265{padding-top: 30px !important;padding-bottom: 30px !important;}&#8220;][vc_column_text el_class=&#8220;mw600&#8243;]<\/p>\n<h2>Ein Moment, den man langsam, ruhig und mit dem Herzen genie\u00dfen sollte.<\/h2>\n<p>Stellen Sie sich eine weiche Wiese vor, Olivenb\u00e4ume, die sich sanft im Wind wiegen, und den See, der etwas weiter entfernt glitzert.<br \/>\nEin Ort, der zeitlos erscheint, wo die Luft nach frisch gem\u00e4htem Gras, frisch gebackenem Brot und Ruhe duftet.<\/p>\n<p>Hier verlangsamt sich alles: die Gedanken, die Ger\u00e4usche, die Hektik des Alltags.<br \/>\nEs gibt nur noch Sie, die Person, die Sie mitgebracht haben, und eine Atmosph\u00e4re, die dazu einl\u00e4dt, loszulassen, tiefer zu atmen und den Moment zu genie\u00dfen.<\/p>\n<p>Es ist der perfekte Ort, um sich hinzusetzen, leise zu sprechen, ohne Eile zu lachen oder einfach nur still zu sein und dem Rascheln der Olivenb\u00e4ume zu lauschen.<br \/>\nEin kleiner R\u00fcckzugsort in der Natur, wo Einfachheit zum Luxus wird und jedes Detail darauf ausgerichtet ist, dass du dich wohlf\u00fchlst.[\/vc_column_text][\/vc_column][vc_column width=&#8220;1\/2&#8243; css=&#8220;.vc_custom_1768486668945{margin-top: 0px !important;padding-top: 0px !important;}&#8220;][vc_images_carousel images=&#8220;4242,4248&#8243; img_size=&#8220;full&#8220; onclick=&#8220;link_no&#8220; speed=&#8220;4000&#8243; el_class=&#8220;frammato&#8220;][\/vc_column][\/vc_row][vc_row full_width=&#8220;stretch_row_content_no_spaces&#8220; equal_height=&#8220;yes&#8220; content_placement=&#8220;middle&#8220; css=&#8220;.vc_custom_1768486711475{padding-top: 0px !important;padding-bottom: 0px !important;background-image: url(https:\/\/locandapoggioleone.it\/wp-content\/uploads\/2025\/12\/bg-picnic-2.jpg?id=4262) !important;}&#8220;][vc_column width=&#8220;1\/2&#8243; css=&#8220;.vc_custom_1768486725833{margin-top: 0px !important;padding-top: 0px !important;}&#8220;][vc_images_carousel images=&#8220;4245&#8243; img_size=&#8220;full&#8220; onclick=&#8220;link_no&#8220; speed=&#8220;4000&#8243; el_class=&#8220;frammato&#8220;][\/vc_column][vc_column width=&#8220;1\/2&#8243; css=&#8220;.vc_custom_1762961452265{padding-top: 30px !important;padding-bottom: 30px !important;}&#8220;][vc_column_text el_class=&#8220;mw600&#8243;]<\/p>\n<h2>Was erwartet Sie?<\/h2>\n<p>Ein sorgf\u00e4ltig zusammengestellter Korb, den Sie direkt auf der Wiese \u00f6ffnen k\u00f6nnen:<\/p>\n<ul>\n<li>frisch gebackene Focaccia<\/li>\n<li>kleine Gourmet-Br\u00f6tchen<\/li>\n<li>eine Flasche guten Wein<\/li>\n<li>eine weiche Decke und bequeme Kissen, um sich zwischen den Olivenb\u00e4umen auszuruhen<\/li>\n<\/ul>\n<p>Und dann der eigentliche Protagonist:<br \/>\ndie Magie unseres Gartens zwischen den Olivenb\u00e4umen mit Blick auf den See, ganz f\u00fcr Sie allein.<\/p>\n<p>Es ist ein perfekter Moment f\u00fcr ein Paar, aber auch f\u00fcr diejenigen, die ein besonderes Erlebnis mit einem geliebten Menschen teilen m\u00f6chten.[\/vc_column_text][vc_column_text el_class=&#8220;mw600&#8243;]<em>Ein Ort, an dem die Organisation einfach ist, aber die Wirkung unvergesslich bleibt.<\/em>[\/vc_column_text][\/vc_column][\/vc_row][vc_row full_width=&#8220;stretch_row_content_no_spaces&#8220; equal_height=&#8220;yes&#8220; content_placement=&#8220;middle&#8220; css=&#8220;.vc_custom_1768486775541{padding-top: 0px !important;padding-bottom: 0px !important;background-image: url(https:\/\/locandapoggioleone.it\/wp-content\/uploads\/2025\/11\/bg-form-2.jpg?id=3990) !important;}&#8220;][vc_column width=&#8220;1\/2&#8243;][vc_column_text el_class=&#8220;mw600&#8243;]<\/p>\n<h3><strong data-start=\"\u201e308\u201c\" data-end=\"\u201e367\u201c\">Reservieren Sie Ihr St\u00fcckchen Paradies<\/strong><\/h3>\n<p>Schreiben Sie uns oder rufen Sie uns an, um die Verf\u00fcgbarkeit zu pr\u00fcfen und Ihr Picknick unter den Olivenb\u00e4umen zu organisieren.[\/vc_column_text][lab_contact_form message_title=&#8220;Nachricht:&#8220; show_subject_field=&#8220;yes&#8220; subject_title=&#8220;Tag mit Picknick-Interesse:&#8220; submit_title=&#8220;Anfrage senden&#8220; submit_success=&#8220;Danke #, Nachricht gesendet!&#8220; alert_errors=&#8220;yes&#8220; subject_field_as_email_subject=&#8220;yes&#8220; enable_recaptcha=&#8220;yes&#8220; email_receiver=&#8220;info@locandapoggioleone.it,ristorante@locandapoggioleone.it&#8220; privacy_policy_text=&#8220;#E-8_RGllJTIwQW5mcmFnZSUyMGlzdCUyMHVudmVyYmluZGxpY2guJTIwTWl0JTIwZGVtJTIwQXVzZiVDMyVCQ2xsZW4lMjBkZXMlMjBGb3JtdWxhcnMlMjBiZXN0JUMzJUE0dGlnZW4lMjBTaWUlMkMlMjBkYXNzJTIwU2llJTIwdm9uJTIwJTIwenVyJUMzJUJDY2tnZXJ1ZmVuJTIwd2VyZGVuJTIwbSVDMyVCNmNodGVuJTJDJTIwdW5kJTIwYWt6ZXB0aWVyZW4lMjB1bnNlcmUlMjAlM0NhJTIwaHJlZiUzRCUyMmh0dHBzJTNBJTJGJTJGd3d3LmxvY2FuZGFwb2dnaW9sZW9uZS5pdCUyRmRlJTJGcHJpdmFjeSUyRiUyMiUzRURhdGVuc2NodXR6ZXJrbCVDMyVBNHJ1bmclMjAlM0MlMkZhJTNFLg==&#8220; el_class=&#8220;mw600&#8243;][\/vc_column][vc_column width=&#8220;1\/2&#8243; css=&#8220;.vc_custom_1768486819538{margin-top: 0px !important;padding-top: 0px !important;background-image: url(https:\/\/locandapoggioleone.it\/wp-content\/uploads\/2025\/12\/picnic-ulivi-5.jpg?id=4253) !important;}&#8220;][vc_images_carousel images=&#8220;4251&#8243; img_size=&#8220;full&#8220; onclick=&#8220;link_no&#8220; speed=&#8220;4000&#8243; el_class=&#8220;frammato&#8220;][\/vc_column][\/vc_row]<\/p>\n","protected":false},"excerpt":{"rendered":"<p>[vc_row full_width=&#8220;stretch_row_content_no_spaces&#8220; css=&#8220;.vc_custom_1765359701421{margin-bottom: 0px !important;border-bottom-width: 0px !important;padding-bottom: 0px !important;}&#8220;][vc_column css=&#8220;.vc_custom_1765359694900{margin-bottom: 0px !important;border-bottom-width: 0px !important;padding-bottom: 0px !important;}&#8220;][vc_column_text el_class=&#8220;mw900&#8243;] Picknick unter Olivenb\u00e4umen Entschleunigen, durchatmen, genie\u00dfen. Lassen Sie den Rest vor dem Tor zur\u00fcck: Hier erwarten Sie nur Ruhe, Natur und Genuss. Ein St\u00fcckchen Paradies mit Blick auf den See \u2013 g\u00f6nnen Sie sich ein paar Stunden purer&hellip;<\/p>\n","protected":false},"author":1,"featured_media":0,"parent":0,"menu_order":0,"comment_status":"closed","ping_status":"closed","template":"","meta":[],"aioseo_notices":[],"_links":{"self":[{"href":"https:\/\/locandapoggioleone.it\/de\/wp-json\/wp\/v2\/pages\/4473"}],"collection":[{"href":"https:\/\/locandapoggioleone.it\/de\/wp-json\/wp\/v2\/pages"}],"about":[{"href":"https:\/\/locandapoggioleone.it\/de\/wp-json\/wp\/v2\/types\/page"}],"author":[{"embeddable":true,"href":"https:\/\/locandapoggioleone.it\/de\/wp-json\/wp\/v2\/users\/1"}],"replies":[{"embeddable":true,"href":"https:\/\/locandapoggioleone.it\/de\/wp-json\/wp\/v2\/comments?post=4473"}],"version-history":[{"count":6,"href":"https:\/\/locandapoggioleone.it\/de\/wp-json\/wp\/v2\/pages\/4473\/revisions"}],"predecessor-version":[{"id":4588,"href":"https:\/\/locandapoggioleone.it\/de\/wp-json\/wp\/v2\/pages\/4473\/revisions\/4588"}],"wp:attachment":[{"href":"https:\/\/locandapoggioleone.it\/de\/wp-json\/wp\/v2\/media?parent=4473"}],"curies":[{"name":"wp","href":"https:\/\/api.w.org\/{rel}","templated":true}]}}