{"id":4469,"date":"2025-12-10T10:15:03","date_gmt":"2025-12-10T10:15:03","guid":{"rendered":"https:\/\/locandapoggioleone.it\/cooking-class\/"},"modified":"2026-01-15T14:51:15","modified_gmt":"2026-01-15T14:51:15","slug":"cooking-class","status":"publish","type":"page","link":"https:\/\/locandapoggioleone.it\/de\/cooking-class\/","title":{"rendered":"Cooking Class"},"content":{"rendered":"<p>[vc_row full_width=&#8220;stretch_row_content_no_spaces&#8220; css=&#8220;.vc_custom_1765359701421{margin-bottom: 0px !important;border-bottom-width: 0px !important;padding-bottom: 0px !important;}&#8220;][vc_column css=&#8220;.vc_custom_1765359694900{margin-bottom: 0px !important;border-bottom-width: 0px !important;padding-bottom: 0px !important;}&#8220;][vc_column_text el_class=&#8220;mw900&#8243;]<\/p>\n<h1 style=\"text-align: center;\">Kochkurs in der Locanda<\/h1>\n<p style=\"text-align: center;\">Trage die W\u00e4rme in deinem Herzen, die nur gemeinsam unternommene Dinge schenken k\u00f6nnen.<br \/>\nEs lehrt, unterh\u00e4lt und verbindet. Mit H\u00e4nden, die noch nach Brot duften, nach Hause zu kommen, ist ein Geschenk, das bleibt.[\/vc_column_text][vc_single_image image=&#8220;4274&#8243; img_size=&#8220;full&#8220; alignment=&#8220;center&#8220; css=&#8220;.vc_custom_1765368365504{margin-bottom: 0px !important;border-bottom-width: 0px !important;padding-bottom: 0px !important;}&#8220;][\/vc_column][\/vc_row][vc_row full_width=&#8220;stretch_row_content_no_spaces&#8220; equal_height=&#8220;yes&#8220; content_placement=&#8220;middle&#8220; css=&#8220;.vc_custom_1768488563308{background: #fff5eb url(https:\/\/locandapoggioleone.it\/wp-content\/uploads\/2025\/12\/bg-pane-1.jpg?id=4258) !important;}&#8220;][vc_column width=&#8220;1\/2&#8243; css=&#8220;.vc_custom_1762961452265{padding-top: 30px !important;padding-bottom: 30px !important;}&#8220;][vc_column_text el_class=&#8220;mw600&#8243;]<\/p>\n<h2>Ein Erlebnis, das nach Zuhause duftet<\/h2>\n<p>Gemeinsames Kochen ist eine der einfachsten und sch\u00f6nsten Gesten: Es verbindet, bringt zum L\u00e4cheln und gibt das Gef\u00fchl, Teil von etwas zu sein.<br \/>\nIn unseren Kochkursen wird dieser Geist in einem Workshop zum Leben erweckt, der f\u00fcr alle, wirklich alle \u2013 auch f\u00fcr Menschen mit Behinderungen \u2013 offen ist, denn die K\u00fcche muss ein Ort des Austauschs, der Inklusion und der Freude bleiben.<\/p>\n<p>Hier f\u00fchren Sie unsere K\u00f6che Schritt f\u00fcr Schritt durch die Zubereitung von zwei Grundpfeilern der italienischen Tradition:<br \/>\nwarmes, handgemachtes Brot und frische Pasta, die mit dem Nudelholz ausgerollt wird, genau wie fr\u00fcher.<\/p>\n<p>Sie kneten, Sie ber\u00fchren, Sie kreieren&#8230; und vor allem erleben Sie einen authentischen, unterhaltsamen und geselligen Moment.[\/vc_column_text][\/vc_column][vc_column width=&#8220;1\/2&#8243; css=&#8220;.vc_custom_1768488670735{margin-top: 0px !important;padding-top: 0px !important;}&#8220;][vc_images_carousel images=&#8220;4278,4287,4281&#8243; img_size=&#8220;full&#8220; onclick=&#8220;link_no&#8220; speed=&#8220;4000&#8243; el_class=&#8220;frammato&#8220; css=&#8220;.vc_custom_1768488664883{margin-top: 0px !important;padding-top: 0px !important;}&#8220;][\/vc_column][\/vc_row][vc_row full_width=&#8220;stretch_row_content_no_spaces&#8220; equal_height=&#8220;yes&#8220; content_placement=&#8220;middle&#8220; css=&#8220;.vc_custom_1768488574196{padding-top: 0px !important;padding-bottom: 0px !important;background-image: url(https:\/\/locandapoggioleone.it\/wp-content\/uploads\/2025\/12\/bg-pasta-handmade.jpg?id=4304) !important;}&#8220;][vc_column width=&#8220;1\/2&#8243; css=&#8220;.vc_custom_1768488607321{margin-top: 0px !important;margin-bottom: 0px !important;padding-top: 0px !important;padding-bottom: 0px !important;}&#8220;][vc_images_carousel images=&#8220;4290,4284&#8243; img_size=&#8220;full&#8220; onclick=&#8220;link_no&#8220; speed=&#8220;4000&#8243; el_class=&#8220;frammato&#8220; css=&#8220;.vc_custom_1768488617688{margin-top: 0px !important;margin-bottom: 0px !important;padding-top: 0px !important;padding-bottom: 0px !important;}&#8220;][\/vc_column][vc_column width=&#8220;1\/2&#8243; css=&#8220;.vc_custom_1762961452265{padding-top: 30px !important;padding-bottom: 30px !important;}&#8220;][vc_column_text el_class=&#8220;mw700&#8243;]<\/p>\n<h2>So funktioniert das Erlebnis<\/h2>\n<p>Der Kochkurs dauert etwa 3 Stunden und ist praxisorientiert, einfach und unterhaltsam gestaltet.<\/p>\n<ul>\n<li>Empfang in der Werkstatt: vorbereitete Arbeitspl\u00e4tze, ausgew\u00e4hlte Zutaten und ein vollst\u00e4ndig barrierefreier Raum.<\/li>\n<li>Kurze Einf\u00fchrung durch den Koch: Grundtechniken, kleine Geheimnisse und die wichtigsten Schritte.<\/li>\n<li>Mit den H\u00e4nden im Teig: Sie bereiten Ihren Teig f\u00fcr Brot und frische Pasta zu und werden dabei Schritt f\u00fcr Schritt angeleitet.<\/li>\n<li>Formen und Gestalten: Sie rollen den Teig aus, formen die Brote, machen Tagliatelle oder andere traditionelle Nudelsorten.<\/li>\n<li>Zeit zum Austausch: W\u00e4hrend das Brot backt und die Pasta ruht, unterhalten Sie sich und erleben die K\u00fcche als geselliges Beisammensein.<\/li>\n<li>Abschlie\u00dfende Verkostung: Abschlie\u00dfende Verkostung oder kleine Auswahl, zubereitet von den K\u00f6chen.<\/li>\n<\/ul>\n<h4>Details<\/h4>\n<ul>\n<li>Mindestens 4 Teilnehmer<\/li>\n<li>Ab 100 \u20ac pro Person<\/li>\n<\/ul>\n<p>[\/vc_column_text][vc_column_text el_class=&#8220;mw600&#8243;]Ein Ort, an dem die Organisation einfach ist, aber die Wirkung unvergesslich bleibt.[\/vc_column_text][\/vc_column][\/vc_row][vc_row full_width=&#8220;stretch_row&#8220; equal_height=&#8220;yes&#8220; content_placement=&#8220;middle&#8220; css=&#8220;.vc_custom_1762965771503{padding-top: 45px !important;padding-bottom: 45px !important;background-image: url(https:\/\/locandapoggioleone.it\/wp-content\/uploads\/2025\/11\/bg-form-2.jpg?id=3990) !important;}&#8220;][vc_column width=&#8220;1\/2&#8243;][vc_column_text el_class=&#8220;mw600&#8243;]<\/p>\n<h3><strong data-start=\"\u201e308\u201c\" data-end=\"\u201e367\u201c\">Reservieren Sie Ihren Platz in der K\u00fcche<\/strong><\/h3>\n<p>Schreiben Sie uns oder rufen Sie uns an, um die Verf\u00fcgbarkeit zu pr\u00fcfen und Ihren Kurs zu organisieren.[\/vc_column_text][lab_contact_form message_title=&#8220;Nachricht:&#8220; show_subject_field=&#8220;yes&#8220; subject_title=&#8220;Tag des Kochkurses:&#8220; submit_title=&#8220;Anfrage senden&#8220; submit_success=&#8220;Danke #, Nachricht gesendet!&#8220; alert_errors=&#8220;yes&#8220; subject_field_as_email_subject=&#8220;yes&#8220; enable_recaptcha=&#8220;yes&#8220; email_receiver=&#8220;info@locandapoggioleone.it,ristorante@locandapoggioleone.it&#8220; privacy_policy_text=&#8220;#E-8_RGllJTIwQW5mcmFnZSUyMGlzdCUyMHVudmVyYmluZGxpY2guJTIwTWl0JTIwZGVtJTIwQXVzZiVDMyVCQ2xsZW4lMjBkZXMlMjBGb3JtdWxhcnMlMjBiZXN0JUMzJUE0dGlnZW4lMjBTaWUlMkMlMjBkYXNzJTIwU2llJTIwdm9uJTIwJTIwenVyJUMzJUJDY2tnZXJ1ZmVuJTIwd2VyZGVuJTIwbSVDMyVCNmNodGVuJTJDJTIwdW5kJTIwYWt6ZXB0aWVyZW4lMjB1bnNlcmUlMjAlM0NhJTIwaHJlZiUzRCUyMmh0dHBzJTNBJTJGJTJGd3d3LmxvY2FuZGFwb2dnaW9sZW9uZS5pdCUyRmRlJTJGcHJpdmFjeSUyRiUyMiUzRURhdGVuc2NodXR6ZXJrbCVDMyVBNHJ1bmclMjAlM0MlMkZhJTNFLg==&#8220; el_class=&#8220;mw600&#8243;][\/vc_column][vc_column width=&#8220;1\/2&#8243;][vc_media_grid gap=&#8220;15&#8243; grid_id=&#8220;vc_gid:1768488654085-58187297-bcc8-8&#8243; include=&#8220;3806,3800,3794,3791,3784,3781&#8243;][\/vc_column][\/vc_row]<\/p>\n","protected":false},"excerpt":{"rendered":"<p>[vc_row full_width=&#8220;stretch_row_content_no_spaces&#8220; css=&#8220;.vc_custom_1765359701421{margin-bottom: 0px !important;border-bottom-width: 0px !important;padding-bottom: 0px !important;}&#8220;][vc_column css=&#8220;.vc_custom_1765359694900{margin-bottom: 0px !important;border-bottom-width: 0px !important;padding-bottom: 0px !important;}&#8220;][vc_column_text el_class=&#8220;mw900&#8243;] Kochkurs in der Locanda Trage die W\u00e4rme in deinem Herzen, die nur gemeinsam unternommene Dinge schenken k\u00f6nnen. Es lehrt, unterh\u00e4lt und verbindet. Mit H\u00e4nden, die noch nach Brot duften, nach Hause zu kommen, ist ein Geschenk, das bleibt.[\/vc_column_text][vc_single_image&hellip;<\/p>\n","protected":false},"author":1,"featured_media":0,"parent":0,"menu_order":0,"comment_status":"closed","ping_status":"closed","template":"","meta":[],"aioseo_notices":[],"_links":{"self":[{"href":"https:\/\/locandapoggioleone.it\/de\/wp-json\/wp\/v2\/pages\/4469"}],"collection":[{"href":"https:\/\/locandapoggioleone.it\/de\/wp-json\/wp\/v2\/pages"}],"about":[{"href":"https:\/\/locandapoggioleone.it\/de\/wp-json\/wp\/v2\/types\/page"}],"author":[{"embeddable":true,"href":"https:\/\/locandapoggioleone.it\/de\/wp-json\/wp\/v2\/users\/1"}],"replies":[{"embeddable":true,"href":"https:\/\/locandapoggioleone.it\/de\/wp-json\/wp\/v2\/comments?post=4469"}],"version-history":[{"count":5,"href":"https:\/\/locandapoggioleone.it\/de\/wp-json\/wp\/v2\/pages\/4469\/revisions"}],"predecessor-version":[{"id":4598,"href":"https:\/\/locandapoggioleone.it\/de\/wp-json\/wp\/v2\/pages\/4469\/revisions\/4598"}],"wp:attachment":[{"href":"https:\/\/locandapoggioleone.it\/de\/wp-json\/wp\/v2\/media?parent=4469"}],"curies":[{"name":"wp","href":"https:\/\/api.w.org\/{rel}","templated":true}]}}