{"id":4464,"date":"2025-12-09T17:25:54","date_gmt":"2025-12-09T17:25:54","guid":{"rendered":"https:\/\/locandapoggioleone.it\/cena-romantica\/"},"modified":"2026-01-15T14:56:30","modified_gmt":"2026-01-15T14:56:30","slug":"romantisches-abendessen","status":"publish","type":"page","link":"https:\/\/locandapoggioleone.it\/de\/romantisches-abendessen\/","title":{"rendered":"Romantisches Abendessen"},"content":{"rendered":"<p>[vc_row full_width=&#8220;stretch_row_content_no_spaces&#8220;][vc_column][vc_column_text el_class=&#8220;mw900&#8243;]<\/p>\n<h1 style=\"text-align: center;\">Emotionen zum Bewahren<\/h1>\n<p style=\"text-align: center;\">Ein Moment nur f\u00fcr Sie, in dem die Zeit langsamer wird und das Herz Raum zum Atmen findet. Wenn die Sonne untergeht und der H\u00fcgel der Locanda sich golden f\u00e4rbt, entsteht einer der sch\u00f6nsten Momente, die Sie hier erleben k\u00f6nnen: ein Abendessen nur f\u00fcr Sie beide, umgeben von der Stille der Olivenb\u00e4ume und dem Zauber der umbrischen Landschaft.[\/vc_column_text][vc_single_image image=&#8220;4174&#8243; img_size=&#8220;full&#8220; alignment=&#8220;center&#8220;][\/vc_column][\/vc_row][vc_row full_width=&#8220;stretch_row_content_no_spaces&#8220; equal_height=&#8220;yes&#8220; content_placement=&#8220;middle&#8220; css=&#8220;.vc_custom_1768488937980{background: #fff5eb url(https:\/\/locandapoggioleone.it\/wp-content\/uploads\/2025\/12\/bg-cena-romantica.jpg?id=4190) !important;}&#8220;][vc_column width=&#8220;1\/2&#8243; css=&#8220;.vc_custom_1762961452265{padding-top: 30px !important;padding-bottom: 30px !important;}&#8220;][vc_column_text el_class=&#8220;mw600&#8243;]<\/p>\n<h2>Der Luxus der gemeinsamen Zeit<\/h2>\n<h3>Ein Moment, den man langsam, in Ruhe und mit dem Herzen genie\u00dfen sollte.<\/h3>\n<p data-start=\"\u201e171\u201c\" data-end=\"\u201e428\u201c\">Ein Tisch, der nur f\u00fcr Sie reserviert ist, umgeben von der Stille und Sch\u00f6nheit unseres Gartens zwischen Olivenb\u00e4umen. <br data-start=\"\u201e277\u201c\" data-end=\"\u201e280\u201c\" \/>Ein intimes Erlebnis, bei dem jedes Detail gepflegt wird, mit einem engagierten und diskreten Service, der Ihnen einen besonderen Abend fernab von allem bietet.<\/p>\n<p data-start=\"\u201e430\u201c\" data-end=\"\u201e651\u201c\">Um diesen Moment noch einzigartiger zu machen, k\u00f6nnen wir Ihr Abendessen ganz nach Ihren W\u00fcnschen gestalten: Live-Musik, rote Rosen, kleine Aufmerksamkeiten und ma\u00dfgeschneiderte \u00dcberraschungen. Denn jede Geschichte verdient ihre eigene Atmosph\u00e4re.[\/vc_column_text][\/vc_column][vc_column width=&#8220;1\/2&#8243; css=&#8220;.vc_custom_1768488983515{margin-top: 0px !important;margin-bottom: 0px !important;padding-top: 0px !important;padding-bottom: 0px !important;}&#8220;][vc_images_carousel images=&#8220;4209,4197,4194,4203&#8243; img_size=&#8220;full&#8220; onclick=&#8220;link_no&#8220; speed=&#8220;4000&#8243; el_class=&#8220;frammato&#8220; css=&#8220;.vc_custom_1768488976373{margin-top: 0px !important;margin-bottom: 0px !important;padding-top: 0px !important;padding-bottom: 0px !important;}&#8220;][\/vc_column][\/vc_row][vc_row full_width=&#8220;stretch_row_content_no_spaces&#8220; equal_height=&#8220;yes&#8220; content_placement=&#8220;middle&#8220; css=&#8220;.vc_custom_1768488949268{margin-top: 0px !important;margin-bottom: 0px !important;padding-top: 0px !important;padding-bottom: 0px !important;background-image: url(https:\/\/locandapoggioleone.it\/wp-content\/uploads\/2025\/12\/bg-violino-1.jpg?id=4218) !important;}&#8220;][vc_column width=&#8220;1\/2&#8243; css=&#8220;.vc_custom_1768488969010{margin-top: 0px !important;margin-bottom: 0px !important;padding-top: 0px !important;padding-bottom: 0px !important;}&#8220;][vc_images_carousel images=&#8220;4200&#8243; img_size=&#8220;full&#8220; onclick=&#8220;link_no&#8220; speed=&#8220;4000&#8243; el_class=&#8220;frammato&#8220; css=&#8220;.vc_custom_1768488963166{margin-top: 0px !important;margin-bottom: 0px !important;padding-top: 0px !important;padding-bottom: 0px !important;}&#8220;][\/vc_column][vc_column width=&#8220;1\/2&#8243; css=&#8220;.vc_custom_1762961452265{padding-top: 30px !important;padding-bottom: 30px !important;}&#8220;][vc_column_text el_class=&#8220;mw600&#8243;]<\/p>\n<h2>Ein ma\u00dfgeschneidertes Erlebnis<\/h2>\n<h3>Von der Ausstattung bis zum Service ist jedes Detail so gestaltet, dass es nur Ihnen geh\u00f6rt.<\/h3>\n<p>Das romantische Abendessen ist ein v\u00f6llig privates Erlebnis, das f\u00fcr diejenigen gedacht ist, die einen Abend au\u00dferhalb der Zeit erleben m\u00f6chten.<br \/>\nEin reservierter Tisch inmitten von Olivenb\u00e4umen, liebevoll gedeckt und mit einem aufmerksamen, diskreten Service, der auf jedes Detail achtet, ohne jemals aufdringlich zu sein.<\/p>\n<p>Die Reservierung beinhaltet eine einmalige Geb\u00fchr, die die Exklusivit\u00e4t des Raumes, die individuelle Gestaltung und die Aufmerksamkeit eines Teams garantiert, das sich nur um Sie k\u00fcmmert.<br \/>\nDas Men\u00fc kann frei \u00e0 la carte gew\u00e4hlt werden, damit Sie Ihr Erlebnis ganz nach Ihrem Geschmack und Ihrem Rhythmus gestalten k\u00f6nnen.[\/vc_column_text][vc_column_text el_class=&#8220;mw600&#8243;]<em>Ein Ort, an dem die Organisation einfach ist, aber die Wirkung unvergesslich bleibt.<\/em>[\/vc_column_text][\/vc_column][\/vc_row][vc_row full_width=&#8220;stretch_row&#8220; equal_height=&#8220;yes&#8220; content_placement=&#8220;middle&#8220; css=&#8220;.vc_custom_1762965771503{padding-top: 45px !important;padding-bottom: 45px !important;background-image: url(https:\/\/locandapoggioleone.it\/wp-content\/uploads\/2025\/11\/bg-form-2.jpg?id=3990) !important;}&#8220;][vc_column width=&#8220;1\/4&#8243;][\/vc_column][vc_column width=&#8220;1\/2&#8243;][vc_column_text]<\/p>\n<h3><strong data-start=\"\u201e308\u201c\" data-end=\"\u201e367\u201c\">Der Traum vom perfekten Abendessen<\/strong><\/h3>\n<p>F\u00fcllen Sie das Formular aus und lassen Sie sich von uns beraten.[\/vc_column_text][lab_contact_form message_title=&#8220;Nachricht:&#8220; show_subject_field=&#8220;yes&#8220; subject_title=&#8220;Tag von Interesse:&#8220; submit_title=&#8220;Anfrage senden&#8220; submit_success=&#8220;Danke #, Nachricht gesendet!&#8220; alert_errors=&#8220;yes&#8220; subject_field_as_email_subject=&#8220;yes&#8220; enable_recaptcha=&#8220;yes&#8220; email_receiver=&#8220;info@locandapoggioleone.it,ristorante@locandapoggioleone.it&#8220; privacy_policy_text=&#8220;#E-8_RGllJTIwQW5mcmFnZSUyMGlzdCUyMHVudmVyYmluZGxpY2guJTIwTWl0JTIwZGVtJTIwQXVzZiVDMyVCQ2xsZW4lMjBkZXMlMjBGb3JtdWxhcnMlMjBiZXN0JUMzJUE0dGlnZW4lMjBTaWUlMkMlMjBkYXNzJTIwU2llJTIwdm9uJTIwJTIwenVyJUMzJUJDY2tnZXJ1ZmVuJTIwd2VyZGVuJTIwbSVDMyVCNmNodGVuJTJDJTIwdW5kJTIwYWt6ZXB0aWVyZW4lMjB1bnNlcmUlMjAlM0NhJTIwaHJlZiUzRCUyMmh0dHBzJTNBJTJGJTJGd3d3LmxvY2FuZGFwb2dnaW9sZW9uZS5pdCUyRmRlJTJGcHJpdmFjeSUyRiUyMiUzRURhdGVuc2NodXR6ZXJrbCVDMyVBNHJ1bmclMjAlM0MlMkZhJTNFLg==&#8220;][\/vc_column][vc_column width=&#8220;1\/4&#8243;][\/vc_column][\/vc_row]<\/p>\n","protected":false},"excerpt":{"rendered":"<p>[vc_row full_width=&#8220;stretch_row_content_no_spaces&#8220;][vc_column][vc_column_text el_class=&#8220;mw900&#8243;] Emotionen zum Bewahren Ein Moment nur f\u00fcr Sie, in dem die Zeit langsamer wird und das Herz Raum zum Atmen findet. Wenn die Sonne untergeht und der H\u00fcgel der Locanda sich golden f\u00e4rbt, entsteht einer der sch\u00f6nsten Momente, die Sie hier erleben k\u00f6nnen: ein Abendessen nur f\u00fcr Sie beide, umgeben von der&hellip;<\/p>\n","protected":false},"author":1,"featured_media":0,"parent":0,"menu_order":0,"comment_status":"closed","ping_status":"closed","template":"","meta":[],"aioseo_notices":[],"_links":{"self":[{"href":"https:\/\/locandapoggioleone.it\/de\/wp-json\/wp\/v2\/pages\/4464"}],"collection":[{"href":"https:\/\/locandapoggioleone.it\/de\/wp-json\/wp\/v2\/pages"}],"about":[{"href":"https:\/\/locandapoggioleone.it\/de\/wp-json\/wp\/v2\/types\/page"}],"author":[{"embeddable":true,"href":"https:\/\/locandapoggioleone.it\/de\/wp-json\/wp\/v2\/users\/1"}],"replies":[{"embeddable":true,"href":"https:\/\/locandapoggioleone.it\/de\/wp-json\/wp\/v2\/comments?post=4464"}],"version-history":[{"count":3,"href":"https:\/\/locandapoggioleone.it\/de\/wp-json\/wp\/v2\/pages\/4464\/revisions"}],"predecessor-version":[{"id":4604,"href":"https:\/\/locandapoggioleone.it\/de\/wp-json\/wp\/v2\/pages\/4464\/revisions\/4604"}],"wp:attachment":[{"href":"https:\/\/locandapoggioleone.it\/de\/wp-json\/wp\/v2\/media?parent=4464"}],"curies":[{"name":"wp","href":"https:\/\/api.w.org\/{rel}","templated":true}]}}