{"id":4457,"date":"2025-12-09T08:51:15","date_gmt":"2025-12-09T08:51:15","guid":{"rendered":"https:\/\/locandapoggioleone.it\/private-spa\/"},"modified":"2026-01-15T15:05:52","modified_gmt":"2026-01-15T15:05:52","slug":"private-spa","status":"publish","type":"page","link":"https:\/\/locandapoggioleone.it\/de\/private-spa\/","title":{"rendered":"Private SPA"},"content":{"rendered":"<p>[vc_row][vc_column]\n\t\t\t<!-- START slider SPA DE REVOLUTION SLIDER 6.5.11 --><p class=\"rs-p-wp-fix\"><\/p>\n\t\t\t<rs-module-wrap id=\"rev_slider_12_1_wrapper\" data-source=\"gallery\" style=\"visibility:hidden;background:transparent;padding:0;margin:0px auto;margin-top:0;margin-bottom:0;\">\n\t\t\t\t<rs-module id=\"rev_slider_12_1\" style=\"\" data-version=\"6.5.11\">\n\t\t\t\t\t<rs-slides>\n\t\t\t\t\t\t<rs-slide style=\"position: absolute;\" data-key=\"rs-34\" data-title=\"Slide\" data-in=\"o:0;\" data-out=\"a:false;\">\n\t\t\t\t\t\t\t<img src=\"\/\/locandapoggioleone.it\/wp-content\/plugins\/revslider\/public\/assets\/assets\/dummy.png\" title=\"spa-web\" width=\"1920\" height=\"1080\" class=\"rev-slidebg tp-rs-img rs-lazyload\" data-lazyload=\"\/\/locandapoggioleone.it\/wp-content\/uploads\/2025\/12\/spa-web.jpg\" data-no-retina>\n<!---->\t\t\t\t\t\t<\/rs-slide>\n\t\t\t\t\t<\/rs-slides>\n\t\t\t\t\t<rs-static-layers><!--\n\n\t\t\t\t\t\t\t--><rs-layer\n\t\t\t\t\t\t\t\tid=\"slider-12-slide-11-layer-0\" \n\t\t\t\t\t\t\t\tclass=\"rs-layer-static\"\n\t\t\t\t\t\t\t\tdata-type=\"text\"\n\t\t\t\t\t\t\t\tdata-color=\"#ffffff\"\n\t\t\t\t\t\t\t\tdata-rsp_ch=\"on\"\n\t\t\t\t\t\t\t\tdata-xy=\"x:c;y:c;\"\n\t\t\t\t\t\t\t\tdata-text=\"w:normal;s:54;l:62;a:center;\"\n\t\t\t\t\t\t\t\tdata-onslides=\"s:1;\"\n\t\t\t\t\t\t\t\tdata-frame_999=\"o:0;st:w;\"\n\t\t\t\t\t\t\t\tstyle=\"z-index:5;font-family:'PT Serif';font-style:italic;\"\n\t\t\t\t\t\t\t>Ein Geschenk, eine Flucht, eine Erinnerung \n\t\t\t\t\t\t\t<\/rs-layer><!--\n\t\t\t\t\t--><\/rs-static-layers>\n\t\t\t\t<\/rs-module>\n\t\t\t\t<script type=\"text\/javascript\">\n\t\t\t\t\tsetREVStartSize({c: 'rev_slider_12_1',rl:[1240,1024,778,480],el:[700],gw:[1240],gh:[700],type:'standard',justify:'',layout:'fullwidth',mh:\"0\"});if (window.RS_MODULES!==undefined && window.RS_MODULES.modules!==undefined && window.RS_MODULES.modules[\"revslider121\"]!==undefined) {window.RS_MODULES.modules[\"revslider121\"].once = false;window.revapi12 = undefined;if (window.RS_MODULES.checkMinimal!==undefined) window.RS_MODULES.checkMinimal()}\n\t\t\t\t<\/script>\n\t\t\t<\/rs-module-wrap>\n\t\t\t<!-- END REVOLUTION SLIDER -->\n[\/vc_column][\/vc_row][vc_row el_id=&#8220;fiorezindex&#8220;][vc_column css=&#8220;.vc_custom_1765474677672{padding-bottom: 45px !important;}&#8220; offset=&#8220;vc_hidden-xs&#8220;][vc_single_image image=&#8220;4133&#8243; img_size=&#8220;577&#215;400&#8243; alignment=&#8220;center&#8220; css=&#8220;.vc_custom_1765297513644{margin-top: -160px !important;margin-bottom: 0px !important;padding-top: 0px !important;padding-bottom: 0px !important;}&#8220;][vc_column_text el_class=&#8220;mw900&#8243;]<\/p>\n<h3 style=\"text-align: center;\"><em>Wenn die Sonne hinter dem Trasimenischen See untergeht und Stille die Locanda umh\u00fcllt, verwandelt sich unser Wellnessbereich in einen kleinen R\u00fcckzugsort, an dem alles langsamer wird<\/em><\/h3>\n<h4 style=\"text-align: center;\"><em>Hier k\u00f6nnen Sie sich zwei Stunden nur f\u00fcr sich selbst g\u00f6nnen oder diese mit Ihren Lieben in einer intimen, warmen und zutiefst regenerierenden Atmosph\u00e4re teilen. <\/em><\/h4>\n<p style=\"text-align: center;\">Ob Sie jemanden \u00fcberraschen, sich eine wertvolle Auszeit g\u00f6nnen oder einfach nur einen besonderen Moment erleben m\u00f6chten, unser SPA ist darauf ausgelegt, einen gew\u00f6hnlichen Abend in einen Moment purer Magie zu verwandeln.<\/p>\n<p>[\/vc_column_text][\/vc_column][\/vc_row][vc_row el_id=&#8220;fiorezindex-mob&#8220;][vc_column css=&#8220;.vc_custom_1765475661572{padding-bottom: 45px !important;}&#8220; offset=&#8220;vc_hidden-lg vc_hidden-md vc_hidden-sm&#8220;][vc_single_image image=&#8220;4133&#8243; img_size=&#8220;577&#215;400&#8243; alignment=&#8220;center&#8220; css=&#8220;.vc_custom_1765475678090{margin-top: -40px !important;margin-bottom: 0px !important;padding-top: 0px !important;padding-bottom: 0px !important;}&#8220;][vc_column_text el_class=&#8220;mw900&#8243;]<\/p>\n<h3 style=\"text-align: center;\"><em>Wenn die Sonne hinter dem Trasimenischen See untergeht und Stille die Locanda umh\u00fcllt, verwandelt sich unser Wellnessbereich in einen kleinen R\u00fcckzugsort, an dem alles langsamer wird<\/em><\/h3>\n<h4 style=\"text-align: center;\"><em>Hier k\u00f6nnen Sie sich zwei Stunden nur f\u00fcr sich selbst g\u00f6nnen oder diese mit Ihren Lieben in einer intimen, warmen und zutiefst regenerierenden Atmosph\u00e4re teilen. <\/em><\/h4>\n<p style=\"text-align: center;\">Ob Sie jemanden \u00fcberraschen, sich eine wertvolle Auszeit g\u00f6nnen oder einfach nur einen besonderen Moment erleben m\u00f6chten, unser SPA ist darauf ausgelegt, einen gew\u00f6hnlichen Abend in einen Moment purer Magie zu verwandeln.<\/p>\n<p>[\/vc_column_text][\/vc_column][\/vc_row][vc_row full_width=&#8220;stretch_row_content_no_spaces&#8220; equal_height=&#8220;yes&#8220; content_placement=&#8220;middle&#8220; css=&#8220;.vc_custom_1768489351361{background: #fff5eb url(https:\/\/locandapoggioleone.it\/wp-content\/uploads\/2025\/11\/bg-rosa-fiore.jpg?id=4011) !important;}&#8220;][vc_column width=&#8220;1\/2&#8243; css=&#8220;.vc_custom_1762961452265{padding-top: 30px !important;padding-bottom: 30px !important;}&#8220;][vc_column_text el_class=&#8220;mw600&#8243;]<\/p>\n<h2>Eine private Oase zwischen Entspannung und Romantik<\/h2>\n<p>Stellen Sie sich vor, Sie treten ein und finden die wohlige W\u00e4rme der Sauna, das weiche Wasser, das Sie im Whirlpool umgibt, und einen Panorama-Entspannungsbereich, in dem die Zeit still zu stehen scheint.<br \/>\nDrau\u00dfen ist die Natur still, drinnen wird der Geist leicht.<br \/>\nDer See, nun im Schatten, wird zu einer dunklen Leinwand, die von fernen Lichtern \u00fcbers\u00e4t ist: eine Kulisse, die dazu einl\u00e4dt, langsam und tief zu atmen, gemeinsam.<br \/>\n[\/vc_column_text][vc_column_text el_class=&#8220;mw600&#8243;]<em>F\u00fcr einen besonderen Abend, an den man sich gerne zur\u00fcckerinnert.<\/em>[\/vc_column_text][\/vc_column][vc_column width=&#8220;1\/2&#8243; css=&#8220;.vc_custom_1768489451519{margin-top: 0px !important;padding-top: 0px !important;}&#8220;][vc_images_carousel images=&#8220;4094,4100,4088&#8243; img_size=&#8220;full&#8220; onclick=&#8220;link_no&#8220; speed=&#8220;4000&#8243; el_class=&#8220;frammato&#8220; css=&#8220;.vc_custom_1768489446279{margin-top: 0px !important;padding-top: 0px !important;}&#8220;][\/vc_column][\/vc_row][vc_row full_width=&#8220;stretch_row_content_no_spaces&#8220; equal_height=&#8220;yes&#8220; content_placement=&#8220;middle&#8220; css=&#8220;.vc_custom_1768489537363{margin-top: 0px !important;margin-bottom: 0px !important;padding-top: 0px !important;padding-bottom: 0px !important;background-image: url(https:\/\/locandapoggioleone.it\/wp-content\/uploads\/2025\/11\/bg-spa-home.jpg?id=4070) !important;}&#8220;][vc_column width=&#8220;1\/6&#8243;][\/vc_column][vc_column width=&#8220;1\/3&#8243; css=&#8220;.vc_custom_1768489515002{margin-top: 0px !important;margin-bottom: 0px !important;padding-top: 0px !important;padding-bottom: 0px !important;}&#8220;][vc_images_carousel images=&#8220;4157,4160&#8243; img_size=&#8220;full&#8220; onclick=&#8220;link_no&#8220; speed=&#8220;4000&#8243; css=&#8220;.vc_custom_1768489509923{margin-top: 0px !important;margin-bottom: 0px !important;padding-top: 0px !important;padding-bottom: 0px !important;}&#8220;][\/vc_column][vc_column width=&#8220;2\/4&#8243; css=&#8220;.vc_custom_1762961452265{padding-top: 30px !important;padding-bottom: 30px !important;}&#8220;][vc_column_text el_class=&#8220;mw500&#8243;]<\/p>\n<h2>Geschmackserlebnisse, die das Erlebnis abrunden<\/h2>\n<p>Um den Abend noch besonderer zu gestalten, begr\u00fc\u00dfen wir Sie mit einer Flasche unseres Weins und einer Verkostung typischer Produkte aus der Region.<br \/>\nKleine, sorgf\u00e4ltig zubereitete Kostproben, die Ihren intimen Moment begleiten und die D\u00fcfte Umbriens zelebrieren sollen.<br \/>\nEs ist nicht nur Entspannung: Es ist ein Ritual aus Geschmack, Langsamkeit und Aufmerksamkeit.[\/vc_column_text][vc_column_text el_class=&#8220;mw500&#8243;]<em>Eine zus\u00e4tzliche Verw\u00f6hnung f\u00fcr einen besonderen Moment.<\/em>[\/vc_column_text][\/vc_column][\/vc_row][vc_row full_width=&#8220;stretch_row_content_no_spaces&#8220; equal_height=&#8220;yes&#8220; content_placement=&#8220;middle&#8220; css=&#8220;.vc_custom_1768489548752{margin-top: 0px !important;margin-bottom: 0px !important;padding-top: 0px !important;padding-bottom: 0px !important;}&#8220;][vc_column width=&#8220;1\/2&#8243;][vc_column_text el_class=&#8220;mw600&#8243;]<\/p>\n<h2>Komplettes Wellness-Set<\/h2>\n<p>Damit Sie sich ganz auf Ihre Entspannung konzentrieren k\u00f6nnen, begr\u00fc\u00dfen wir Sie mit einem kompletten Wellness-Set, das bis ins kleinste Detail durchdacht ist.<br \/>\nEin weicher Bademantel, der Sie umh\u00fcllt und w\u00e4rmt, ein flauschiges Handtuch f\u00fcr nach dem Whirlpool, ein leichtes Baumwolltuch f\u00fcr Ihre Pausen und unsere Hausschuhe, damit Sie sich sofort wohlf\u00fchlen.<\/p>\n<p>Sie m\u00fcssen nichts mitbringen, Sie m\u00fcssen an nichts denken:<br \/>\nDer Abend selbst wird sich um Sie k\u00fcmmern, Schritt f\u00fcr Schritt, Geste f\u00fcr Geste.<br \/>\nEin kleines Ritual, das in dem Moment beginnt, in dem Sie die T\u00fcrschwelle \u00fcberschreiten, und bis zum letzten Atemzug der Ruhe andauert.[\/vc_column_text][vc_column_text el_class=&#8220;mw600&#8243;]<em>Der wahre Luxus&#8230; an nichts denken zu m\u00fcssen<\/em>[\/vc_column_text][\/vc_column][vc_column width=&#8220;1\/2&#8243; css=&#8220;.vc_custom_1768489503032{margin-top: 0px !important;margin-bottom: 0px !important;padding-top: 0px !important;padding-bottom: 0px !important;}&#8220;][vc_images_carousel images=&#8220;4097&#8243; img_size=&#8220;full&#8220; onclick=&#8220;link_no&#8220; speed=&#8220;4000&#8243; el_class=&#8220;frammato&#8220; css=&#8220;.vc_custom_1768489496824{margin-top: 0px !important;margin-bottom: 0px !important;padding-top: 0px !important;padding-bottom: 0px !important;}&#8220;][\/vc_column][\/vc_row][vc_row full_width=&#8220;stretch_row_content_no_spaces&#8220; equal_height=&#8220;yes&#8220; content_placement=&#8220;middle&#8220; css=&#8220;.vc_custom_1768489375481{margin-top: 0px !important;margin-bottom: 0px !important;padding-top: 0px !important;padding-bottom: 0px !important;background-image: url(https:\/\/locandapoggioleone.it\/wp-content\/uploads\/2025\/11\/carta-chiara.jpg?id=3978) !important;}&#8220;][vc_column width=&#8220;1\/2&#8243; css=&#8220;.vc_custom_1768489400127{margin-top: 0px !important;margin-bottom: 0px !important;padding-top: 0px !important;padding-bottom: 0px !important;}&#8220;][vc_images_carousel images=&#8220;4122&#8243; img_size=&#8220;full&#8220; onclick=&#8220;link_no&#8220; speed=&#8220;4000&#8243; el_class=&#8220;frammato&#8220; css=&#8220;.vc_custom_1768489405843{margin-top: 0px !important;padding-top: 0px !important;}&#8220;][\/vc_column][vc_column width=&#8220;1\/2&#8243; css=&#8220;.vc_custom_1762961452265{padding-top: 30px !important;padding-bottom: 30px !important;}&#8220;][vc_column_text el_class=&#8220;mw600&#8243;]<\/p>\n<h2>Genie\u00dfen Sie eine entspannende Massage<\/h2>\n<p>Die Entspannungsmassage ist eine der \u00e4ltesten Behandlungen, die zur Linderung von M\u00fcdigkeit und Schmerzen und gleichzeitig zur Entspannung eingesetzt wird. Auch heute noch wird sie zur Beseitigung von Muskel- und Nervenverspannungen eingesetzt, die normalerweise den Nacken, den R\u00fccken und den Bauch betreffen. Diese Behandlung eignet sich f\u00fcr alle, die sich einen Tag Entspannung g\u00f6nnen und die w\u00e4hrend der Arbeitswoche angesammelten Muskelverspannungen l\u00f6sen m\u00f6chten. Nur nach Voranmeldung: Um Ihnen eine Massage mit unseren besten Masseuren der Region zu garantieren, empfehlen wir Ihnen, mindestens 48 Stunden im Voraus zu reservieren.[\/vc_column_text][vc_column_text el_class=&#8220;mw600&#8243;]<em>Lassen Sie die M\u00fcdigkeit hinter sich und genie\u00dfen Sie totale Entspannung.<\/em>[\/vc_column_text][\/vc_column][\/vc_row][vc_row full_width=&#8220;stretch_row_content_no_spaces&#8220; equal_height=&#8220;yes&#8220; content_placement=&#8220;middle&#8220; css=&#8220;.vc_custom_1768489475898{padding-top: 45px !important;padding-bottom: 45px !important;background-image: url(https:\/\/locandapoggioleone.it\/wp-content\/uploads\/2025\/11\/bg-form-2.jpg?id=3990) !important;}&#8220;][vc_column width=&#8220;1\/2&#8243;][vc_column_text el_class=&#8220;mw600&#8243;]<\/p>\n<h3><strong data-start=\"\u201e308\u201c\" data-end=\"\u201e367\u201c\">Kontaktieren Sie uns, um Ihren Moment der Entspannung zu buchen<\/strong><\/h3>\n<p>F\u00fcllen Sie das Formular aus und lassen Sie sich von uns beraten.[\/vc_column_text][lab_contact_form message_title=&#8220;Nachricht:&#8220; show_subject_field=&#8220;yes&#8220; subject_title=&#8220;Tag der Anfrage:&#8220; submit_title=&#8220;Anfrage senden&#8220; submit_success=&#8220;Danke #, Nachricht gesendet!&#8220; alert_errors=&#8220;yes&#8220; subject_field_as_email_subject=&#8220;yes&#8220; enable_recaptcha=&#8220;yes&#8220; email_receiver=&#8220;info@locandapoggioleone.it,ristorante@locandapoggioleone.it&#8220; privacy_policy_text=&#8220;#E-8_RGllJTIwQW5mcmFnZSUyMGlzdCUyMHVudmVyYmluZGxpY2guJTIwTWl0JTIwZGVtJTIwQXVzZiVDMyVCQ2xsZW4lMjBkZXMlMjBGb3JtdWxhcnMlMjBiZXN0JUMzJUE0dGlnZW4lMjBTaWUlMkMlMjBkYXNzJTIwU2llJTIwdm9uJTIwJTIwenVyJUMzJUJDY2tnZXJ1ZmVuJTIwd2VyZGVuJTIwbSVDMyVCNmNodGVuJTJDJTIwdW5kJTIwYWt6ZXB0aWVyZW4lMjB1bnNlcmUlMjAlM0NhJTIwaHJlZiUzRCUyMmh0dHBzJTNBJTJGJTJGd3d3LmxvY2FuZGFwb2dnaW9sZW9uZS5pdCUyRmVuJTJGcHJpdmFjeSUyRiUyMiUzRVByaXZhY3klMjBQb2xpY3klMjAlM0MlMkZhJTNFLg==&#8220; el_class=&#8220;mw600&#8243;][\/vc_column][vc_column width=&#8220;1\/2&#8243;][vc_single_image image=&#8220;4150&#8243; img_size=&#8220;full&#8220;][\/vc_column][\/vc_row]<\/p>\n","protected":false},"excerpt":{"rendered":"<p>[vc_row][vc_column][\/vc_column][\/vc_row][vc_row el_id=&#8220;fiorezindex&#8220;][vc_column css=&#8220;.vc_custom_1765474677672{padding-bottom: 45px !important;}&#8220; offset=&#8220;vc_hidden-xs&#8220;][vc_single_image image=&#8220;4133&#8243; img_size=&#8220;577&#215;400&#8243; alignment=&#8220;center&#8220; css=&#8220;.vc_custom_1765297513644{margin-top: -160px !important;margin-bottom: 0px !important;padding-top: 0px !important;padding-bottom: 0px !important;}&#8220;][vc_column_text el_class=&#8220;mw900&#8243;] Wenn die Sonne hinter dem Trasimenischen See untergeht und Stille die Locanda umh\u00fcllt, verwandelt sich unser Wellnessbereich in einen kleinen R\u00fcckzugsort, an dem alles langsamer wird Hier k\u00f6nnen Sie sich zwei Stunden nur f\u00fcr sich selbst&hellip;<\/p>\n","protected":false},"author":1,"featured_media":0,"parent":0,"menu_order":0,"comment_status":"closed","ping_status":"closed","template":"","meta":[],"aioseo_notices":[],"_links":{"self":[{"href":"https:\/\/locandapoggioleone.it\/de\/wp-json\/wp\/v2\/pages\/4457"}],"collection":[{"href":"https:\/\/locandapoggioleone.it\/de\/wp-json\/wp\/v2\/pages"}],"about":[{"href":"https:\/\/locandapoggioleone.it\/de\/wp-json\/wp\/v2\/types\/page"}],"author":[{"embeddable":true,"href":"https:\/\/locandapoggioleone.it\/de\/wp-json\/wp\/v2\/users\/1"}],"replies":[{"embeddable":true,"href":"https:\/\/locandapoggioleone.it\/de\/wp-json\/wp\/v2\/comments?post=4457"}],"version-history":[{"count":7,"href":"https:\/\/locandapoggioleone.it\/de\/wp-json\/wp\/v2\/pages\/4457\/revisions"}],"predecessor-version":[{"id":4610,"href":"https:\/\/locandapoggioleone.it\/de\/wp-json\/wp\/v2\/pages\/4457\/revisions\/4610"}],"wp:attachment":[{"href":"https:\/\/locandapoggioleone.it\/de\/wp-json\/wp\/v2\/media?parent=4457"}],"curies":[{"name":"wp","href":"https:\/\/api.w.org\/{rel}","templated":true}]}}