{"id":4453,"date":"2025-11-12T15:01:07","date_gmt":"2025-11-12T15:01:07","guid":{"rendered":"https:\/\/locandapoggioleone.it\/wedding\/"},"modified":"2026-02-24T09:07:17","modified_gmt":"2026-02-24T09:07:17","slug":"wedding","status":"publish","type":"page","link":"https:\/\/locandapoggioleone.it\/de\/wedding\/","title":{"rendered":"Wedding"},"content":{"rendered":"<p>[vc_row][vc_column]\n\t\t\t<!-- START WEDDING Slider strike 1 REVOLUTION SLIDER 6.5.11 --><p class=\"rs-p-wp-fix\"><\/p>\n\t\t\t<rs-module-wrap id=\"rev_slider_10_1_wrapper\" data-source=\"gallery\" style=\"visibility:hidden;background:#686868;padding:0;margin:0px auto;margin-top:0;margin-bottom:0;\">\n\t\t\t\t<rs-module id=\"rev_slider_10_1\" style=\"\" data-version=\"6.5.11\">\n\t\t\t\t\t<rs-slides>\n\t\t\t\t\t\t<rs-slide style=\"position: absolute;\" data-key=\"rs-32\" data-title=\"Slide\" data-in=\"o:0;\" data-out=\"a:false;\">\n\t\t\t\t\t\t\t<img src=\"\/\/locandapoggioleone.it\/wp-content\/plugins\/revslider\/public\/assets\/assets\/dummy.png\" title=\"Wedding\" class=\"rev-slidebg tp-rs-img rs-lazyload\" data-lazyload=\"\/\/img.youtube.com\/vi\/RKxoe6zZzjE\/sddefault.jpg\" data-parallax=\"off\" data-no-retina>\n\t\t\t\t\t\t\t<rs-bgvideo \n\t\t\t\t\t\t\t\tdata-video=\"vc:none;w:100%;h:100%;nse:false;rwd:false;l:true;ptimer:false;\"\n\t\t\t\t\t\t\t\tdata-ytid=\"ls-wU6VHmO8\"\n\t\t\t\t\t\t\t\tdata-vatr=\"version=3&amp;enablejsapi=1&amp;html5=1&amp;hd=1&amp;wmode=opaque&amp;showinfo=0&amp;rel=0&amp;origin=https:\/\/locandapoggioleone.it;\"\n\t\t\t\t\t\t\t><\/rs-bgvideo>\n<!--\n\t\t\t\t\t\t\t--><rs-layer\n\t\t\t\t\t\t\t\tid=\"slider-10-slide-32-layer-0\" \n\t\t\t\t\t\t\t\tclass=\"rs-layer-video intrinsic-ignore\"\n\t\t\t\t\t\t\t\tdata-type=\"video\"\n\t\t\t\t\t\t\t\tdata-rsp_ch=\"on\"\n\t\t\t\t\t\t\t\tdata-xy=\"x:c;y:c;\"\n\t\t\t\t\t\t\t\tdata-text=\"w:normal;\"\n\t\t\t\t\t\t\t\tdata-dim=\"w:1920px;h:1080px;\"\n\t\t\t\t\t\t\t\tdata-video=\"vd:100;rwd:f;noint:t;l:true;ptimer:false;nse:f;\"\n\t\t\t\t\t\t\t\tdata-poster=\"\/\/locandapoggioleone.it\/wp-content\/uploads\/2025\/11\/MV-08942.jpg\"\n\t\t\t\t\t\t\t\tdata-ytid=\"ls-wU6VHmO8\"\n\t\t\t\t\t\t\t\tdata-vatr=\"version=3&amp;enablejsapi=1&amp;html5=1&amp;hd=1&amp;wmode=opaque&amp;showinfo=0&amp;rel=0&amp;origin=https:\/\/locandapoggioleone.it;\"\n\t\t\t\t\t\t\t\tdata-frame_999=\"o:0;st:w;sR:8700;\"\n\t\t\t\t\t\t\t\tstyle=\"z-index:5;\"\n\t\t\t\t\t\t\t>\n\t\t\t\t\t\t\t<\/rs-layer><!--\n-->\t\t\t\t\t\t<\/rs-slide>\n\t\t\t\t\t<\/rs-slides>\n\t\t\t\t<\/rs-module>\n\t\t\t\t<script type=\"text\/javascript\">\n\t\t\t\t\tsetREVStartSize({c: 'rev_slider_10_1',rl:[1240,1024,778,480],el:[1080],gw:[1920],gh:[1080],type:'standard',justify:'',layout:'fullwidth',mh:\"0\"});if (window.RS_MODULES!==undefined && window.RS_MODULES.modules!==undefined && window.RS_MODULES.modules[\"revslider101\"]!==undefined) {window.RS_MODULES.modules[\"revslider101\"].once = false;window.revapi10 = undefined;if (window.RS_MODULES.checkMinimal!==undefined) window.RS_MODULES.checkMinimal()}\n\t\t\t\t<\/script>\n\t\t\t\t<script src=\"https:\/\/www.youtube.com\/iframe_api\"><\/script>\n\t\t\t<\/rs-module-wrap>\n\t\t\t<!-- END REVOLUTION SLIDER -->\n[\/vc_column][\/vc_row][vc_row css=&#8220;.vc_custom_1762961383254{padding-top: 45px !important;padding-bottom: 45px !important;}&#8220;][vc_column][vc_column_text el_class=&#8220;mw900&#8243;]<\/p>\n<h3 style=\"text-align: center;\"><em>Stellen Sie sich vor, Sie geben sich Ihr Jawort vor einem Sonnenuntergang, der sich im See spiegelt, umgeben vom Duft der Olivenb\u00e4ume und der Stille der Landschaft.<\/em><\/h3>\n<p>&nbsp;<\/p>\n<h4 style=\"text-align: center;\"><em>Im <strong data-start=\"\u201e854\u201c\" data-end=\"\u201e877\u201c\">Locanda Poggioleone<\/strong> ist alles darauf ausgerichtet, Ihre Hochzeit zu einem authentischen und raffinierten Erlebnis zu machen, fernab von Klischees. <\/em><\/h4>\n<p>[\/vc_column_text][vc_single_image image=&#8220;4015&#8243; img_size=&#8220;full&#8220; alignment=&#8220;center&#8220;][\/vc_column][\/vc_row][vc_row full_width=&#8220;stretch_row_content_no_spaces&#8220; equal_height=&#8220;yes&#8220; content_placement=&#8220;middle&#8220; css=&#8220;.vc_custom_1768478112808{background: #fff5eb url(https:\/\/locandapoggioleone.it\/wp-content\/uploads\/2025\/11\/bg-rosa-fiore.jpg?id=4011) !important;}&#8220;][vc_column width=&#8220;1\/2&#8243; css=&#8220;.vc_custom_1762961452265{padding-top: 30px !important;padding-bottom: 30px !important;}&#8220;][vc_column_text el_class=&#8220;mw600&#8243;]<\/p>\n<h2>Eleganz, Details und Intimit\u00e4t<\/h2>\n<p>Ein Boutique-Hotel zwischen Umbrien und der Toskana mit Blick auf den Trasimenischen See, wo die Natur Eleganz umgibt und jedes Detail von Intimit\u00e4t zeugt.<br \/>\nEin Panorama-Pool, gepflegte G\u00e4rten, eine Veranda mit Aussicht und einladende R\u00e4umlichkeiten schaffen die perfekte Atmosph\u00e4re, um die Liebe auf exklusive Weise zu feiern, ohne auf die W\u00e4rme eines Zuhauses verzichten zu m\u00fcssen.[\/vc_column_text][vc_column_text el_class=&#8220;mw600&#8243;]<em>Ein abgeschiedener, romantischer Ort, perfekt f\u00fcr alle, die sich eine elegante, aber authentische Hochzeit w\u00fcnschen.<\/em>[\/vc_column_text][\/vc_column][vc_column width=&#8220;1\/2&#8243; css=&#8220;.vc_custom_1768478185705{margin-top: 0px !important;padding-top: 0px !important;}&#8220;][vc_images_carousel images=&#8220;3927,3930,3945&#8243; img_size=&#8220;full&#8220; onclick=&#8220;link_no&#8220; speed=&#8220;4000&#8243; el_class=&#8220;frammato&#8220; css=&#8220;.vc_custom_1768478178235{margin-top: 0px !important;padding-top: 0px !important;}&#8220;][\/vc_column][\/vc_row][vc_row full_width=&#8220;stretch_row_content_no_spaces&#8220; equal_height=&#8220;yes&#8220; content_placement=&#8220;middle&#8220; css=&#8220;.vc_custom_1768478193400{padding-top: 0px !important;padding-bottom: 0px !important;background-image: url(https:\/\/locandapoggioleone.it\/wp-content\/uploads\/2025\/11\/carta-chiara.jpg?id=3978) !important;}&#8220;][vc_column width=&#8220;1\/2&#8243; css=&#8220;.vc_custom_1768478199662{margin-top: 0px !important;padding-top: 0px !important;}&#8220;][vc_images_carousel images=&#8220;3951,3936,3954&#8243; img_size=&#8220;full&#8220; onclick=&#8220;link_no&#8220; speed=&#8220;4000&#8243; el_class=&#8220;frammato&#8220; css=&#8220;.vc_custom_1768478205367{margin-top: 0px !important;padding-top: 0px !important;}&#8220;][\/vc_column][vc_column width=&#8220;1\/2&#8243; css=&#8220;.vc_custom_1762961452265{padding-top: 30px !important;padding-bottom: 30px !important;}&#8220;][vc_column_text el_class=&#8220;mw600&#8243;]<\/p>\n<h2>Jede Hochzeit verdient eine einzigartige Geschichte.<\/h2>\n<p>In der Locanda Poggioleone k\u00f6nnen Sie diese ganz nach Ihren W\u00fcnschen gestalten: eine standesamtliche Trauung unter Olivenb\u00e4umen, ein Aperitif bei Sonnenuntergang, ein Candle-Light-Dinner unter dem Himmel Umbriens.<\/p>\n<p>Das Anwesen geh\u00f6rt ganz Ihnen, damit Sie die Feier wie in einem gro\u00dfen Privathaus genie\u00dfen k\u00f6nnen, in Ihrem eigenen Tempo, mit den Menschen, die Sie lieben, und der Freiheit, jedes Detail selbst zu w\u00e4hlen.<br \/>\nVon der informellen Willkommensparty bis zum Gourmet-Hochzeitsessen wird jeder Moment mit Geschmack und Diskretion gestaltet.<\/p>\n<p>Und dann, zwischen einem Toast und einem Tanz, steht die Zeit wirklich still.<br \/>\nEs bleibt nur die Sch\u00f6nheit dessen, was Sie gerade erleben.[\/vc_column_text][vc_column_text el_class=&#8220;mw600&#8243;]<em>Ein Ort, an dem die Organisation einfach ist, aber die Wirkung unvergesslich bleibt.<\/em>[\/vc_column_text][\/vc_column][\/vc_row][vc_row full_width=&#8220;stretch_row_content_no_spaces&#8220; equal_height=&#8220;yes&#8220; content_placement=&#8220;middle&#8220; css=&#8220;.vc_custom_1768478234817{margin-top: 0px !important;padding-top: 0px !important;padding-bottom: 0px !important;}&#8220;][vc_column width=&#8220;1\/2&#8243;][vc_column_text el_class=&#8220;mw600&#8243;]<\/p>\n<h2>GASTFREUNDSCHAFT NACH MASS<\/h2>\n<p>Elf elegante und helle Zimmer, die f\u00fcr Brautpaare und ihre G\u00e4ste reserviert sind, bieten Platz f\u00fcr bis zu 28 Personen.<br \/>\nJedes Zimmer strahlt zeitlose Eleganz aus, gepr\u00e4gt von nat\u00fcrlichen Materialien, dem Duft von Leinen und Ruhe.<br \/>\nHier ist alles intim, gepflegt und authentisch: Ihr R\u00fcckzugsort nach den Emotionen des sch\u00f6nsten Tages Ihres Lebens.<\/p>\n<h3>UNVERGESSLICHE GEN\u00dcSSE<\/h3>\n<p>Unser Gourmet-Restaurant zelebriert die Aromen Umbriens und der Toskana: frische Pasta, hausgemachtes Brot, Wein und \u00d6l, die auf dem Familiengut hergestellt werden.<br \/>\nJedes Gericht wurde kreiert, um Sie zu begeistern und Ihr Hochzeitsbankett einzigartig zu machen.[\/vc_column_text][vc_column_text el_class=&#8220;mw600&#8243;]<em>Ein Angebot f\u00fcr alle, die nicht nur eine Hochzeit, sondern ein unvergessliches Erlebnis suchen. <\/em>[\/vc_column_text][\/vc_column][vc_column width=&#8220;1\/2&#8243;][vc_images_carousel images=&#8220;3948,3954,3942,3960&#8243; img_size=&#8220;full&#8220; onclick=&#8220;link_no&#8220; speed=&#8220;4000&#8243; el_class=&#8220;frammato&#8220;][\/vc_column][\/vc_row][vc_row full_width=&#8220;stretch_row&#8220;][vc_column]\n\t\t\t<!-- START bgwedding de REVOLUTION SLIDER 6.5.11 --><p class=\"rs-p-wp-fix\"><\/p>\n\t\t\t<rs-module-wrap id=\"rev_slider_15_2_wrapper\" data-source=\"gallery\" style=\"visibility:hidden;background:transparent;padding:0;margin:0px auto;margin-top:0;margin-bottom:0;\">\n\t\t\t\t<rs-module id=\"rev_slider_15_2\" style=\"\" data-version=\"6.5.11\">\n\t\t\t\t\t<rs-slides>\n\t\t\t\t\t\t<rs-slide style=\"position: absolute;\" data-key=\"rs-37\" data-title=\"Slide\" data-in=\"o:0;\" data-out=\"a:false;\">\n\t\t\t\t\t\t\t<img src=\"\/\/locandapoggioleone.it\/wp-content\/plugins\/revslider\/public\/assets\/assets\/dummy.png\" alt=\"Slide\" title=\"Wedding\" class=\"rev-slidebg tp-rs-img rs-lazyload\" data-lazyload=\"\/\/locandapoggioleone.it\/wp-content\/plugins\/revslider\/public\/assets\/assets\/transparent.png\" data-no-retina>\n<!--\n\t\t\t\t\t\t\t--><rs-layer\n\t\t\t\t\t\t\t\tid=\"slider-15-slide-37-layer-1\" \n\t\t\t\t\t\t\t\tclass=\"rs-layer-video intrinsic-ignore\"\n\t\t\t\t\t\t\t\tdata-type=\"video\"\n\t\t\t\t\t\t\t\tdata-rsp_ch=\"on\"\n\t\t\t\t\t\t\t\tdata-xy=\"x:c;y:m;\"\n\t\t\t\t\t\t\t\tdata-text=\"w:normal;s:20,20,20,7;l:0,0,0,9;\"\n\t\t\t\t\t\t\t\tdata-dim=\"w:1920px,1920px,1920px,742px;h:1080px,1080px,1080px,417px;\"\n\t\t\t\t\t\t\t\tdata-video=\"vd:100;l:false;ptimer:false;\"\n\t\t\t\t\t\t\t\tdata-poster=\"\/\/locandapoggioleone.it\/wp-content\/uploads\/2025\/11\/MV-08483.jpg\"\n\t\t\t\t\t\t\t\tdata-ytid=\"nq3y0afJMYo\"\n\t\t\t\t\t\t\t\tdata-vatr=\"version=3&amp;enablejsapi=1&amp;html5=1&amp;hd=1&amp;wmode=opaque&amp;showinfo=0&amp;rel=0&amp;origin=https:\/\/locandapoggioleone.it;\"\n\t\t\t\t\t\t\t\tdata-frame_999=\"o:0;st:w;\"\n\t\t\t\t\t\t\t\tstyle=\"z-index:5;\"\n\t\t\t\t\t\t\t>\n\t\t\t\t\t\t\t<\/rs-layer><!--\n-->\t\t\t\t\t\t<\/rs-slide>\n\t\t\t\t\t<\/rs-slides>\n\t\t\t\t\t<rs-static-layers><!--\n\n\t\t\t\t\t\t\t--><rs-layer\n\t\t\t\t\t\t\t\tid=\"slider-15-slide-14-layer-2\" \n\t\t\t\t\t\t\t\tclass=\"rs-layer-static\"\n\t\t\t\t\t\t\t\tdata-type=\"text\"\n\t\t\t\t\t\t\t\tdata-rsp_ch=\"on\"\n\t\t\t\t\t\t\t\tdata-xy=\"x:c;y:m;\"\n\t\t\t\t\t\t\t\tdata-text=\"w:normal;s:36,36,36,13;l:42,42,42,15;a:center;\"\n\t\t\t\t\t\t\t\tdata-dim=\"w:680px,680px,680px,262px;h:114px,114px,114px,43px;minh:0px,0px,0px,none;\"\n\t\t\t\t\t\t\t\tdata-onslides=\"s:1;\"\n\t\t\t\t\t\t\t\tdata-frame_999=\"o:0;st:w;\"\n\t\t\t\t\t\t\t\tstyle=\"z-index:9;font-family:'PT Serif';\"\n\t\t\t\t\t\t\t>Wo Tr\u00e4ume wahr werden, <br \/>beginnt Ihre Geschichte... \n\t\t\t\t\t\t\t<\/rs-layer><!--\n\n\t\t\t\t\t\t\t--><rs-layer\n\t\t\t\t\t\t\t\tid=\"slider-15-slide-14-layer-11\" \n\t\t\t\t\t\t\t\tclass=\"rs-layer-static\"\n\t\t\t\t\t\t\t\tdata-type=\"shape\"\n\t\t\t\t\t\t\t\tdata-rsp_ch=\"on\"\n\t\t\t\t\t\t\t\tdata-xy=\"x:c;y:m;\"\n\t\t\t\t\t\t\t\tdata-text=\"w:normal;s:20,20,20,7;l:0,0,0,9;\"\n\t\t\t\t\t\t\t\tdata-dim=\"w:1920px,1920px,1920px,742px;h:1080px,1080px,1080px,417px;\"\n\t\t\t\t\t\t\t\tdata-onslides=\"s:1;\"\n\t\t\t\t\t\t\t\tdata-frame_999=\"o:0;st:w;\"\n\t\t\t\t\t\t\t\tstyle=\"z-index:8;background-color:rgba(0,0,0,0.5);\"\n\t\t\t\t\t\t\t> \n\t\t\t\t\t\t\t<\/rs-layer><!--\n\t\t\t\t\t--><\/rs-static-layers>\n\t\t\t\t<\/rs-module>\n\t\t\t\t<script type=\"text\/javascript\">\n\t\t\t\t\tsetREVStartSize({c: 'rev_slider_15_2',rl:[1240,1240,1240,480],el:[429,429,429,720],gw:[1240,1240,1240,480],gh:[429,429,429,420],type:'standard',justify:'',layout:'fullwidth',mh:\"0\"});if (window.RS_MODULES!==undefined && window.RS_MODULES.modules!==undefined && window.RS_MODULES.modules[\"revslider152\"]!==undefined) {window.RS_MODULES.modules[\"revslider152\"].once = false;window.revapi15 = undefined;if (window.RS_MODULES.checkMinimal!==undefined) window.RS_MODULES.checkMinimal()}\n\t\t\t\t<\/script>\n\t\t\t<\/rs-module-wrap>\n\t\t\t<!-- END REVOLUTION SLIDER -->\n[\/vc_column][\/vc_row][vc_row full_width=&#8220;stretch_row_content_no_spaces&#8220; equal_height=&#8220;yes&#8220; content_placement=&#8220;middle&#8220; disable_element=&#8220;yes&#8220; css=&#8220;.vc_custom_1771869641678{padding-top: 0px !important;padding-bottom: 0px !important;background-image: url(https:\/\/locandapoggioleone.it\/wp-content\/uploads\/2025\/11\/bg-form-2.jpg?id=3990) !important;}&#8220;][vc_column width=&#8220;1\/2&#8243;][vc_column_text el_class=&#8220;mw600&#8243;]<\/p>\n<h3><strong data-start=\"\u201e308\u201c\" data-end=\"\u201e367\u201c\">Tr\u00e4umen Sie von einer perfekten Hochzeit, bei der jedes Detail stimmt?<\/strong><\/h3>\n<p>F\u00fcllen Sie das Formular aus und lassen Sie sich von uns beraten.[\/vc_column_text][lab_contact_form message_title=&#8220;Nachricht:&#8220; show_subject_field=&#8220;yes&#8220; subject_title=&#8220;Hochzeitstag:&#8220; submit_title=&#8220;Anfrage senden&#8220; submit_success=&#8220;Danke #, Nachricht gesendet!&#8220; alert_errors=&#8220;yes&#8220; subject_field_as_email_subject=&#8220;yes&#8220; enable_recaptcha=&#8220;yes&#8220; email_receiver=&#8220;info@locandapoggioleone.it,ristorante@locandapoggioleone.it&#8220; privacy_policy_text=&#8220;#E-8_RGllJTIwQW5mcmFnZSUyMGlzdCUyMHVudmVyYmluZGxpY2guJTIwTWl0JTIwZGVtJTIwQXVzZiVDMyVCQ2xsZW4lMjBkZXMlMjBGb3JtdWxhcnMlMjBiZXN0JUMzJUE0dGlnZW4lMjBTaWUlMkMlMjBkYXNzJTIwU2llJTIwdm9uJTIwJTIwenVyJUMzJUJDY2tnZXJ1ZmVuJTIwd2VyZGVuJTIwbSVDMyVCNmNodGVuJTJDJTIwdW5kJTIwYWt6ZXB0aWVyZW4lMjB1bnNlcmUlMjAlM0NhJTIwaHJlZiUzRCUyMmh0dHBzJTNBJTJGJTJGd3d3LmxvY2FuZGFwb2dnaW9sZW9uZS5pdCUyRnByaXZhY3klMkYlMjIlM0VQcml2YWN5JTIwUG9saWN5JTIwJTNDJTJGYSUzRS4=&#8220; el_class=&#8220;mw600&#8243;][\/vc_column][vc_column width=&#8220;1\/2&#8243; css=&#8220;.vc_custom_1768478276081{margin-top: 0px !important;margin-bottom: 0px !important;padding-top: 0px !important;padding-bottom: 0px !important;}&#8220;][vc_single_image image=&#8220;3999&#8243; img_size=&#8220;full&#8220; el_class=&#8220;frammato&#8220; css=&#8220;.vc_custom_1768478267023{margin-top: 0px !important;margin-bottom: 0px !important;padding-top: 0px !important;padding-bottom: 0px !important;}&#8220;][\/vc_column][\/vc_row][vc_row full_width=&#8220;stretch_row_content_no_spaces&#8220; equal_height=&#8220;yes&#8220; content_placement=&#8220;middle&#8220; css=&#8220;.vc_custom_1768478287353{padding-top: 0px !important;padding-bottom: 0px !important;background-image: url(https:\/\/locandapoggioleone.it\/wp-content\/uploads\/2025\/11\/bg-form-2.jpg?id=3990) !important;}&#8220;][vc_column width=&#8220;1\/2&#8243;][vc_column_text el_class=&#8220;mw800&#8243;]<\/p>\n<h3><strong data-start=\"\u201e308\u201c\" data-end=\"\u201e367\u201c\">Tr\u00e4umen Sie von einer perfekten Hochzeit, bei der jedes Detail stimmt?<\/strong><\/h3>\n<p>F\u00fcllen Sie das Formular aus und lassen Sie sich von uns beraten.[\/vc_column_text][vc_raw_html]JTNDZGl2JTIwY2xhc3MlM0QlMjJtdzgwMCUyMiUzRSU1QmZvcm1pZGFibGUlMjBpZCUzRDYlNUQlM0MlMkZkaXYlM0U=[\/vc_raw_html][\/vc_column][vc_column width=&#8220;1\/2&#8243; css=&#8220;.vc_custom_1768478276081{margin-top: 0px !important;margin-bottom: 0px !important;padding-top: 0px !important;padding-bottom: 0px !important;}&#8220;][vc_single_image image=&#8220;4629&#8243; img_size=&#8220;full&#8220; el_class=&#8220;frammato&#8220; css=&#8220;.vc_custom_1771869651809{margin-top: 0px !important;margin-bottom: 0px !important;padding-top: 0px !important;padding-bottom: 0px !important;}&#8220;][\/vc_column][\/vc_row]<\/p>\n","protected":false},"excerpt":{"rendered":"<p>[vc_row][vc_column][\/vc_column][\/vc_row][vc_row css=&#8220;.vc_custom_1762961383254{padding-top: 45px !important;padding-bottom: 45px !important;}&#8220;][vc_column][vc_column_text el_class=&#8220;mw900&#8243;] Stellen Sie sich vor, Sie geben sich Ihr Jawort vor einem Sonnenuntergang, der sich im See spiegelt, umgeben vom Duft der Olivenb\u00e4ume und der Stille der Landschaft. &nbsp; Im Locanda Poggioleone ist alles darauf ausgerichtet, Ihre Hochzeit zu einem authentischen und raffinierten Erlebnis zu machen, fernab von Klischees.&hellip;<\/p>\n","protected":false},"author":1,"featured_media":0,"parent":0,"menu_order":0,"comment_status":"closed","ping_status":"closed","template":"","meta":[],"aioseo_notices":[],"_links":{"self":[{"href":"https:\/\/locandapoggioleone.it\/de\/wp-json\/wp\/v2\/pages\/4453"}],"collection":[{"href":"https:\/\/locandapoggioleone.it\/de\/wp-json\/wp\/v2\/pages"}],"about":[{"href":"https:\/\/locandapoggioleone.it\/de\/wp-json\/wp\/v2\/types\/page"}],"author":[{"embeddable":true,"href":"https:\/\/locandapoggioleone.it\/de\/wp-json\/wp\/v2\/users\/1"}],"replies":[{"embeddable":true,"href":"https:\/\/locandapoggioleone.it\/de\/wp-json\/wp\/v2\/comments?post=4453"}],"version-history":[{"count":8,"href":"https:\/\/locandapoggioleone.it\/de\/wp-json\/wp\/v2\/pages\/4453\/revisions"}],"predecessor-version":[{"id":4651,"href":"https:\/\/locandapoggioleone.it\/de\/wp-json\/wp\/v2\/pages\/4453\/revisions\/4651"}],"wp:attachment":[{"href":"https:\/\/locandapoggioleone.it\/de\/wp-json\/wp\/v2\/media?parent=4453"}],"curies":[{"name":"wp","href":"https:\/\/api.w.org\/{rel}","templated":true}]}}