{"id":3115,"date":"2020-03-06T16:36:37","date_gmt":"2020-03-06T16:36:37","guid":{"rendered":"https:\/\/locandapoggioleone.it\/video\/"},"modified":"2022-06-27T11:04:56","modified_gmt":"2022-06-27T11:04:56","slug":"video","status":"publish","type":"page","link":"https:\/\/locandapoggioleone.it\/de\/video\/","title":{"rendered":"Video"},"content":{"rendered":"<p>[vc_row][vc_column width=&#8220;1\/2&#8243;][vc_custom_heading text=&#8220;Leidenschaft f\u00fcr Gastgewerbe&#8220; use_theme_fonts=&#8220;yes&#8220;][vc_column_text]Schlie\u00dfen Sie die Augen f\u00fcr einen Moment. Stellen Sie sich vor, dass Sie sich in einer der bezauberndsten Gegenden Italiens &#8211; umgeben von sanften H\u00fcgeln in der Region zwischen Umbrien und der Toskana &#8211; befinden.<\/p>\n<p><strong>Jetzt h\u00f6ren Sie auf zu tr\u00e4umen und \u00f6ffnen Sie Ihre Augen. Sie befinden sich in Locanda Poggioleone: Der Traum ist wahr geworden<\/strong>[\/vc_column_text][vc_video link=&#8220;https:\/\/www.youtube.com\/watch?v=aZMO4m-Jt-M&#8220;][\/vc_column][vc_column width=&#8220;1\/2&#8243;][vc_custom_heading text=&#8220;Hochzeit in Umbria&#8220; use_theme_fonts=&#8220;yes&#8220;][vc_column_text]Locanda Poggioleone ist der ideale Ort f\u00fcr eine vornehme Hochzeit an einem spektakul\u00e4ren Ort.<\/p>\n<p><strong>Die Hochzeit Ihrer Tr\u00e4ume\u2026. ein Traumort f\u00fcr Ihr Jawort.<\/strong><\/p>\n<p>[\/vc_column_text][vc_video link=&#8220;https:\/\/www.youtube.com\/watch?v=d38OnjxqGLY&#8220;][\/vc_column][\/vc_row]<\/p>\n","protected":false},"excerpt":{"rendered":"<p>[vc_row][vc_column width=&#8220;1\/2&#8243;][vc_custom_heading text=&#8220;Leidenschaft f\u00fcr Gastgewerbe&#8220; use_theme_fonts=&#8220;yes&#8220;][vc_column_text]Schlie\u00dfen Sie die Augen f\u00fcr einen Moment. Stellen Sie sich vor, dass Sie sich in einer der bezauberndsten Gegenden Italiens &#8211; umgeben von sanften H\u00fcgeln in der Region zwischen Umbrien und der Toskana &#8211; befinden. Jetzt h\u00f6ren Sie auf zu tr\u00e4umen und \u00f6ffnen Sie Ihre Augen. Sie befinden sich in&hellip;<\/p>\n","protected":false},"author":1,"featured_media":0,"parent":0,"menu_order":0,"comment_status":"closed","ping_status":"closed","template":"","meta":[],"aioseo_notices":[],"_links":{"self":[{"href":"https:\/\/locandapoggioleone.it\/de\/wp-json\/wp\/v2\/pages\/3115"}],"collection":[{"href":"https:\/\/locandapoggioleone.it\/de\/wp-json\/wp\/v2\/pages"}],"about":[{"href":"https:\/\/locandapoggioleone.it\/de\/wp-json\/wp\/v2\/types\/page"}],"author":[{"embeddable":true,"href":"https:\/\/locandapoggioleone.it\/de\/wp-json\/wp\/v2\/users\/1"}],"replies":[{"embeddable":true,"href":"https:\/\/locandapoggioleone.it\/de\/wp-json\/wp\/v2\/comments?post=3115"}],"version-history":[{"count":1,"href":"https:\/\/locandapoggioleone.it\/de\/wp-json\/wp\/v2\/pages\/3115\/revisions"}],"predecessor-version":[{"id":3117,"href":"https:\/\/locandapoggioleone.it\/de\/wp-json\/wp\/v2\/pages\/3115\/revisions\/3117"}],"wp:attachment":[{"href":"https:\/\/locandapoggioleone.it\/de\/wp-json\/wp\/v2\/media?parent=3115"}],"curies":[{"name":"wp","href":"https:\/\/api.w.org\/{rel}","templated":true}]}}