{"id":3099,"date":"2018-02-07T13:46:07","date_gmt":"2018-02-07T13:46:07","guid":{"rendered":"https:\/\/locandapoggioleone.it\/contatti-hotel-umbria\/"},"modified":"2026-01-15T11:29:46","modified_gmt":"2026-01-15T11:29:46","slug":"kontakte-hotel-umbria","status":"publish","type":"page","link":"https:\/\/locandapoggioleone.it\/de\/kontakte-hotel-umbria\/","title":{"rendered":"Kontakte"},"content":{"rendered":"<p>[vc_row content_placement=&#8220;middle&#8220;][vc_column css_animation=&#8220;right-to-left&#8220; width=&#8220;1\/2&#8243; css=&#8220;.vc_custom_1523278009804{background-color: #f3ede4 !important;}&#8220; el_class=&#8220;contact-address&#8220;][vc_custom_heading text=&#8220;Castiglione del Lago&#8220; use_theme_fonts=&#8220;yes&#8220;][vc_column_text]Schlie\u00dfen Sie die Augen f\u00fcr einen Moment. Stellen Sie sich vor, dass Sie sich in einer der bezauberndsten Gegenden Italiens &#8211; umgeben von sanften H\u00fcgeln in der Region zwischen Umbrien und der Toskana &#8211; befinden.<\/p>\n<p><strong>Jetzt h\u00f6ren Sie auf zu tr\u00e4umen und \u00f6ffnen Sie Ihre Augen. <\/strong><strong>Sie befinden sich in Locanda Poggioleone: Der Traum ist wahr geworden.<\/strong>[\/vc_column_text][\/vc_column][vc_column css_animation=&#8220;none&#8220; width=&#8220;1\/2&#8243;][vc_raw_html]JTNDaWZyYW1lJTIwc3JjJTNEJTIyaHR0cHMlM0ElMkYlMkZ3d3cuZ29vZ2xlLmNvbSUyRm1hcHMlMkZlbWJlZCUzRnBiJTNEJTIxMW0xOCUyMTFtMTIlMjExbTMlMjExZDI5MTEuOTg2ODM0NTk3MTUlMjEyZDExLjk0ODc1NjI3NjYyNzA3OCUyMTNkNDMuMTI1ODAyNzcxMTMyMDglMjEybTMlMjExZjAlMjEyZjAlMjEzZjAlMjEzbTIlMjExaTEwMjQlMjEyaTc2OCUyMTRmMTMuMSUyMTNtMyUyMTFtMiUyMTFzMHgxMzI5NTZmNjFiOTM2MTNmJTI1M0EweDU5YmFiNzI1N2ZjZjRjMGIlMjEyc0xvY2FuZGElMjUyMFBvZ2dpb2xlb25lJTI1N0NIb3RlbCUyNTIwZSUyNTIwUmlzdG9yYW50ZSUyNTIwTGFnbyUyNTIwVHJhc2ltZW5vJTIxNWUwJTIxM20yJTIxMXNpdCUyMTJzaXQlMjE0djE3NjMwMzUxMzkwNjglMjE1bTIlMjExc2l0JTIxMnNpdCUyMiUyMHdpZHRoJTNEJTIyNjAwJTIyJTIwaGVpZ2h0JTNEJTIyNDUwJTIyJTIwc3R5bGUlM0QlMjJib3JkZXIlM0EwJTNCJTIyJTIwYWxsb3dmdWxsc2NyZWVuJTNEJTIyJTIyJTIwbG9hZGluZyUzRCUyMmxhenklMjIlMjByZWZlcnJlcnBvbGljeSUzRCUyMm5vLXJlZmVycmVyLXdoZW4tZG93bmdyYWRlJTIyJTNFJTNDJTJGaWZyYW1lJTNF[\/vc_raw_html][\/vc_column][\/vc_row][vc_row el_class=&#8220;contact-address-row&#8220;][vc_column css_animation=&#8220;bottom-to-top&#8220; width=&#8220;1\/2&#8243; reveal_effect=&#8220;&#8220; el_class=&#8220;contact-address-small-box&#8220;][vc_column_text css=&#8220;.vc_custom_1768475420844{padding-right: 40px !important;background-color: #ffffff !important;}&#8220;]<\/p>\n<h3>Wir befinden uns in Castiglione del Lago, in der N\u00e4he des Trasimenischen Sees&#8230;<br \/>\nzwischen Umbrien und der Toskana.<\/h3>\n<p>Das vorwiegend h\u00fcgelige Gebiet bietet eine gro\u00dfe Vielfalt von morphologischen Merkmalen und Landschaften, sowie eine Abfolge von T\u00e4lern, Bergketten, Hochebenen und Ebenen. Es ist eine perfekte Szenerie f\u00fcr einen Urlaub in Kontakt mit der Natur.Die strategische Lage von Pozzuolo an der Grenze zur \u00f6stlichen Toskana, erschlie\u00dft zahlreiche Wege in die toskanischen H\u00fcgel, sowie eine schnelle Verbindung mit Florenz.[\/vc_column_text][\/vc_column][vc_column css_animation=&#8220;bottom-to-top&#8220; width=&#8220;1\/4&#8243; reveal_effect=&#8220;&#8220; el_class=&#8220;contact-address-small-box&#8220;][lab_heading title_tag=&#8220;H5&#8243; title=&#8220;UNSERE ADDRESSE&#8220; el_class=&#8220;title-stylized&#8220;][\/lab_heading][vc_column_text]Locanda Poggiolone, Boutique Hotel<br \/>\nVia Indipendenza 116b 06061<br \/>\nCastiglione del Lago PG[\/vc_column_text][\/vc_column][vc_column css_animation=&#8220;bottom-to-top&#8220; width=&#8220;1\/4&#8243; reveal_effect=&#8220;&#8220; el_class=&#8220;contact-address-small-box&#8220;][lab_heading title_tag=&#8220;H5&#8243; title=&#8220;KONTAKTE&#8220; el_class=&#8220;title-stylized&#8220;][\/lab_heading][vc_column_text]Email: <a href=\"mailto:info@locandapoggioleone.it\">info@locandapoggioleone.it<\/a><br \/>\nPhone: <a href=\"tel:+3907595 9519\">(+39) 075 95 95 19<\/a><br \/>\nWhatsApp: <a href=\"https:\/\/wa.me\/39075959519\" target=\"_blank\" rel=\"noopener\">(+39) 075 95 95 19<\/a><\/p>\n<p><ul class=\"social-networks rounded colored-hover\"><li><a href=\"https:\/\/www.facebook.com\/LocandaPoggioleone\" target=\"_blank\" class=\"facebook\" title=\"Facebook\" aria-label=\"Facebook\" rel=\"noopener\"><i class=\"fab fa-facebook\"><\/i><span class=\"name\">Facebook<\/span><\/a><\/li><li><a href=\"https:\/\/www.instagram.com\/locandapoggioleone\/\" target=\"_blank\" class=\"instagram\" title=\"Instagram\" aria-label=\"Instagram\" rel=\"noopener\"><i class=\"fab fa-instagram\"><\/i><span class=\"name\">Instagram<\/span><\/a><\/li><li><a href=\"https:\/\/wa.me\/39075959519\" target=\"_blank\" class=\"whatsapp\" title=\"WhatsApp\" aria-label=\"WhatsApp\" rel=\"noopener\"><i class=\"fab fa-whatsapp\"><\/i><span class=\"name\">WhatsApp<\/span><\/a><\/li><li><a href=\"mailto:info@locandapoggioleone.it?subject=Hello!\" target=\"_self\" class=\"email\" title=\"Email\" aria-label=\"Email\" rel=\"noopener\"><i class=\"far fa-envelope\"><\/i><span class=\"name\">Email<\/span><\/a><\/li><li><a href=\"tel:+39 075 95 95 19\" target=\"_blank\" class=\"phone\" title=\"Phone\" aria-label=\"Phone\" rel=\"noopener\"><i class=\"fas fa-phone-alt\"><\/i><span class=\"name\">Phone<\/span><\/a><\/li><\/ul>[\/vc_column_text][\/vc_column][\/vc_row][vc_row][vc_column][vc_column_text]<!-- Mr PRENO form --><\/p>\n<div id=\"mrp_form\" data-sid=\"1921\"><\/div>\n<p><script type=\"text\/javascript\">\n    if(typeof window.mrpFormInstances == 'undefined') window.mrpFormInstances = [];\n    var mrp_form = {\n        container: '#mrp_form',\n        structure_id: 8956\n    };\n    window.mrpFormInstances.push(mrp_form);\n<\/script><br \/>\n<script type=\"text\/javascript\" src=\"https:\/\/forms.mrpreno.net\/assets\/formsV2\/dist\/form-widget-sa.js\" async ><\/script><br \/>\n<!-- Mr PRENO end form -->[\/vc_column_text][\/vc_column][\/vc_row]<\/p>\n","protected":false},"excerpt":{"rendered":"<p>[vc_row content_placement=&#8220;middle&#8220;][vc_column css_animation=&#8220;right-to-left&#8220; width=&#8220;1\/2&#8243; css=&#8220;.vc_custom_1523278009804{background-color: #f3ede4 !important;}&#8220; el_class=&#8220;contact-address&#8220;][vc_custom_heading text=&#8220;Castiglione del Lago&#8220; use_theme_fonts=&#8220;yes&#8220;][vc_column_text]Schlie\u00dfen Sie die Augen f\u00fcr einen Moment. Stellen Sie sich vor, dass Sie sich in einer der bezauberndsten Gegenden Italiens &#8211; umgeben von sanften H\u00fcgeln in der Region zwischen Umbrien und der Toskana &#8211; befinden. Jetzt h\u00f6ren Sie auf zu tr\u00e4umen und \u00f6ffnen Sie&hellip;<\/p>\n","protected":false},"author":1,"featured_media":0,"parent":0,"menu_order":35,"comment_status":"closed","ping_status":"closed","template":"","meta":[],"aioseo_notices":[],"_links":{"self":[{"href":"https:\/\/locandapoggioleone.it\/de\/wp-json\/wp\/v2\/pages\/3099"}],"collection":[{"href":"https:\/\/locandapoggioleone.it\/de\/wp-json\/wp\/v2\/pages"}],"about":[{"href":"https:\/\/locandapoggioleone.it\/de\/wp-json\/wp\/v2\/types\/page"}],"author":[{"embeddable":true,"href":"https:\/\/locandapoggioleone.it\/de\/wp-json\/wp\/v2\/users\/1"}],"replies":[{"embeddable":true,"href":"https:\/\/locandapoggioleone.it\/de\/wp-json\/wp\/v2\/comments?post=3099"}],"version-history":[{"count":12,"href":"https:\/\/locandapoggioleone.it\/de\/wp-json\/wp\/v2\/pages\/3099\/revisions"}],"predecessor-version":[{"id":4556,"href":"https:\/\/locandapoggioleone.it\/de\/wp-json\/wp\/v2\/pages\/3099\/revisions\/4556"}],"wp:attachment":[{"href":"https:\/\/locandapoggioleone.it\/de\/wp-json\/wp\/v2\/media?parent=3099"}],"curies":[{"name":"wp","href":"https:\/\/api.w.org\/{rel}","templated":true}]}}