{"id":3091,"date":"2018-02-07T13:39:43","date_gmt":"2018-02-07T13:39:43","guid":{"rendered":"https:\/\/locandapoggioleone.it\/matrimoni-sposarsi-in-umbria\/"},"modified":"2022-06-27T10:39:43","modified_gmt":"2022-06-27T10:39:43","slug":"matrimoni-sposarsi-in-umbria","status":"publish","type":"page","link":"https:\/\/locandapoggioleone.it\/de\/matrimoni-sposarsi-in-umbria\/","title":{"rendered":"Wedding"},"content":{"rendered":"<p>[vc_row full_width=&#8220;stretch_row&#8220; css_animation=&#8220;fadeIn&#8220; css=&#8220;.vc_custom_1555667288392{background-image: url(https:\/\/locandapoggioleone.it\/wp-content\/uploads\/2019\/04\/WEDDING_SFONDO2.png?id=1937) !important;background-position: center !important;background-repeat: no-repeat !important;background-size: cover !important;}&#8220;][vc_column][vc_empty_space height=&#8220;300&#8243;][vc_custom_heading text=&#8220;Hochzeiten &amp; Zeremonien&#8220; font_container=&#8220;tag:h1|text_align:center|color:%23d73b80&#8243; google_fonts=&#8220;font_family:Vidaloka%3Aregular&#8220; css=&#8220;.vc_custom_1656326175881{margin-bottom: 35px !important;}&#8220; el_class=&#8220;h1-title&#8220;][vc_single_image image=&#8220;2485&#8243; img_size=&#8220;large&#8220; alignment=&#8220;center&#8220; style=&#8220;vc_box_rounded&#8220; css_animation=&#8220;flipInX&#8220; el_class=&#8220;spa-divider&#8220;][vc_column_text]<\/p>\n<p style=\"text-align: center;\"><strong>Locanda Poggioleone<\/strong> ist der ideale Ort f\u00fcr eine vornehme Hochzeit an einem spektakul\u00e4ren Ort.<\/p>\n<p>[\/vc_column_text][\/vc_column][\/vc_row][vc_row full_width=&#8220;stretch_row&#8220; css_animation=&#8220;fadeIn&#8220; el_class=&#8220;spa-services&#8220;][vc_column css=&#8220;.vc_custom_1498219725582{padding-top: 0px !important;}&#8220;][vc_row_inner el_class=&#8220;features&#8220;][vc_column_inner width=&#8220;1\/3&#8243;][vc_single_image image=&#8220;1931&#8243; img_size=&#8220;full&#8220; alignment=&#8220;center&#8220; css=&#8220;.vc_custom_1555665991273{margin-bottom: 0px !important;}&#8220;][lab_heading title=&#8220;Lage&#8220; el_class=&#8220;feature-block&#8220;]Mit seinem Garten, der \u00fcber Blick auf den herrlichen Trasimenischen See verf\u00fcgt, mit seiner idealen Szenerie f\u00fcr einen so wichtigen Tag ist Locanda Poggioleone der ideale Ort, damit man die Bedeutung eines besonderen Tages wie einer Hochzeit hervorheben kann. Die Sch\u00f6nheit der Lage, der G\u00e4rten und des prunkvollen Gasthauses eignen sich als perfekte Szenerie f\u00fcr glanzvolle Fotos- und Videos, mit denen man die Emotionen des sch\u00f6nsten Tages f\u00fcr immer festhalten kann.[\/lab_heading][\/vc_column_inner][vc_column_inner width=&#8220;1\/3&#8243;][vc_single_image image=&#8220;1971&#8243; img_size=&#8220;full&#8220; alignment=&#8220;center&#8220; css=&#8220;.vc_custom_1555670325012{margin-bottom: 0px !important;}&#8220;][lab_heading title=&#8220;Catering&#8220; el_class=&#8220;feature-block&#8220;]Locanda Poggioleone bietet mit ihrem Gourmetrestaurant ein exklusives Catering f\u00fcr Hochzeiten. Die Braut und der Br\u00e4utigam k\u00f6nnen jedes Detail mit dem Oberkellner und dem zur Verf\u00fcgung stehenden Personal vereinbaren, damit eine unvergessliche Hochzeit organisiert werden kann. Das Servicepersonal empf\u00e4ngt Sie mit P\u00fcnktlichkeit, Freundlichkeit und Diskretion.[\/lab_heading][\/vc_column_inner][vc_column_inner width=&#8220;1\/3&#8243;][vc_single_image image=&#8220;1972&#8243; img_size=&#8220;full&#8220; alignment=&#8220;center&#8220; css=&#8220;.vc_custom_1555670337698{margin-bottom: 0px !important;}&#8220;][lab_heading title=&#8220;Bewirtung&#8220; el_class=&#8220;feature-block&#8220;]Pr\u00e4chtige Suiten f\u00fcr das Brautpaar und ger\u00e4umige Zimmer f\u00fcr die G\u00e4ste. Ein entspannter Tag am Pool nach der Veranstaltung ist sicherlich ideal, um die aufregendsten Momente der Hochzeit im Kreise von Verwandten und Freunden kommentieren zu k\u00f6nnen.[\/lab_heading][\/vc_column_inner][\/vc_row_inner][\/vc_column][\/vc_row][vc_row full_width=&#8220;stretch_row&#8220; content_placement=&#8220;middle&#8220; css=&#8220;.vc_custom_1583833968453{background: #f4efeb url(https:\/\/locandapoggioleone.it\/wp-content\/uploads\/2020\/03\/SFONDO_WEDDING.png?id=2488) !important;background-position: center !important;background-repeat: no-repeat !important;background-size: cover !important;}&#8220; el_id=&#8220;menu&#8220; el_class=&#8220;spa-menu-row&#8220;][vc_column css=&#8220;.vc_custom_1555668084538{padding-top: 0px !important;}&#8220;][lab_text_autotype typed_text=&#8220;<\/p>\n<h2>*Il matrimonio dei tuoi sogni;The wedding of your dreams;Le mariage de vos r\u00eaves;Die Hochzeit deiner Tr\u00e4ume;*<\/h2>\n<p>&#8220; typed_show_options=&#8220;yes&#8220; typed_options_cursorchar=&#8220;.&#8220; typed_options_loopcount=&#8220;-1&#8243; typed_options_typespeed=&#8220;40&#8243; typed_options_backspeed=&#8220;50&#8243; css=&#8220;.vc_custom_1656326365227{margin-bottom: 0px !important;}&#8220;][vc_column_text css=&#8220;.vc_custom_1656326336553{margin-bottom: 0px !important;}&#8220;]<\/p>\n<h2>Ein Traumort f\u00fcr Ihr Jawort.<\/h2>\n<p>[\/vc_column_text][\/vc_column][vc_column width=&#8220;1\/2&#8243;][vc_video link=&#8220;https:\/\/www.youtube.com\/watch?time_continue=21&amp;v=nq3y0afJMYo&#8220; align=&#8220;center&#8220;][\/vc_column][vc_column width=&#8220;1\/2&#8243;][layerslider_vc id=&#8220;1&#8243;][\/vc_column][\/vc_row][vc_row full_width=&#8220;stretch_row&#8220; equal_height=&#8220;yes&#8220; css_animation=&#8220;none&#8220; no_bottom_margin=&#8220;yes&#8220; css=&#8220;.vc_custom_1555677674714{background-image: url(https:\/\/locandapoggioleone.it\/wp-content\/uploads\/2019\/04\/Sposa2.png?id=1981) !important;}&#8220; el_class=&#8220;massage-row&#8220;][vc_column width=&#8220;7\/12&#8243; reveal_effect=&#8220;&#8220; el_class=&#8220;unique-icons-section&#8220; css=&#8220;.vc_custom_1524487690291{padding-top: 0px !important;}&#8220;][vc_column_text]<strong>M\u00d6CHTEN<\/strong> <strong>SIE<\/strong> <strong>IHRE<\/strong> <strong>TRAUMHOCHZEIT<\/strong> <strong>ORGANISIEREN?<\/strong><\/p>\n<h3><strong>F\u00dcLLEN SIE DAS FORMULAR AUS! WIR ERLEDIGEN IHNEN ALLES<\/strong><\/h3>\n<p>[\/vc_column_text][lab_contact_form name_title=&#8220;Nome:&#8220; message_title=&#8220;Messaggio:&#8220; show_subject_field=&#8220;yes&#8220; subject_title=&#8220;Giorno delle Nozze:&#8220; submit_title=&#8220;Invia richiesta&#8220; alert_errors=&#8220;yes&#8220; subject_field_as_email_subject=&#8220;yes&#8220; enable_recaptcha=&#8220;yes&#8220; privacy_policy_text=&#8220;#E-8_TGElMjByaWNoaWVzdGElMjAlQzMlQTglMjBzZW56YSUyMGltcGVnbm8uJTIwQ29tcGlsYW5kbyUyMGlsJTIwZm9ybSUyMGNvbmZlcm1pJTIwZGklMjB2b2xlciUyMGVzc2VyZSUyMHJpY29udGF0dGF0byUyMGRhJTIwJTIwZWQlMjBhY2NldHRpJTIwbGElMjBub3N0cmElMjAlM0NhJTIwaHJlZiUzRCUyMmh0dHBzJTNBJTJGJTJGd3d3LmxvY2FuZGFwb2dnaW9sZW9uZS5pdCUyRnByaXZhY3klMkYlMjIlM0VQcml2YWN5JTIwUG9saWN5JTIwJTNDJTJGYSUzRQ==&#8220; email_receiver=&#8220;info@locandapoggioleone.it,ristorante@locandapoggioleone.it&#8220;][\/vc_column][vc_column width=&#8220;5\/12&#8243; offset=&#8220;vc_hidden-xs&#8220;][\/vc_column][\/vc_row]<\/p>\n","protected":false},"excerpt":{"rendered":"<p>[vc_row full_width=&#8220;stretch_row&#8220; css_animation=&#8220;fadeIn&#8220; css=&#8220;.vc_custom_1555667288392{background-image: url(https:\/\/locandapoggioleone.it\/wp-content\/uploads\/2019\/04\/WEDDING_SFONDO2.png?id=1937) !important;background-position: center !important;background-repeat: no-repeat !important;background-size: cover !important;}&#8220;][vc_column][vc_empty_space height=&#8220;300&#8243;][vc_custom_heading text=&#8220;Hochzeiten &amp; Zeremonien&#8220; font_container=&#8220;tag:h1|text_align:center|color:%23d73b80&#8243; google_fonts=&#8220;font_family:Vidaloka%3Aregular&#8220; css=&#8220;.vc_custom_1656326175881{margin-bottom: 35px !important;}&#8220; el_class=&#8220;h1-title&#8220;][vc_single_image image=&#8220;2485&#8243; img_size=&#8220;large&#8220; alignment=&#8220;center&#8220; style=&#8220;vc_box_rounded&#8220; css_animation=&#8220;flipInX&#8220; el_class=&#8220;spa-divider&#8220;][vc_column_text] Locanda Poggioleone ist der ideale Ort f\u00fcr eine vornehme Hochzeit an einem spektakul\u00e4ren Ort. [\/vc_column_text][\/vc_column][\/vc_row][vc_row full_width=&#8220;stretch_row&#8220; css_animation=&#8220;fadeIn&#8220; el_class=&#8220;spa-services&#8220;][vc_column css=&#8220;.vc_custom_1498219725582{padding-top: 0px !important;}&#8220;][vc_row_inner el_class=&#8220;features&#8220;][vc_column_inner width=&#8220;1\/3&#8243;][vc_single_image image=&#8220;1931&#8243; img_size=&#8220;full&#8220; alignment=&#8220;center&#8220; css=&#8220;.vc_custom_1555665991273{margin-bottom:&hellip;<\/p>\n","protected":false},"author":1,"featured_media":0,"parent":0,"menu_order":40,"comment_status":"closed","ping_status":"closed","template":"","meta":[],"aioseo_notices":[],"_links":{"self":[{"href":"https:\/\/locandapoggioleone.it\/de\/wp-json\/wp\/v2\/pages\/3091"}],"collection":[{"href":"https:\/\/locandapoggioleone.it\/de\/wp-json\/wp\/v2\/pages"}],"about":[{"href":"https:\/\/locandapoggioleone.it\/de\/wp-json\/wp\/v2\/types\/page"}],"author":[{"embeddable":true,"href":"https:\/\/locandapoggioleone.it\/de\/wp-json\/wp\/v2\/users\/1"}],"replies":[{"embeddable":true,"href":"https:\/\/locandapoggioleone.it\/de\/wp-json\/wp\/v2\/comments?post=3091"}],"version-history":[{"count":2,"href":"https:\/\/locandapoggioleone.it\/de\/wp-json\/wp\/v2\/pages\/3091\/revisions"}],"predecessor-version":[{"id":3093,"href":"https:\/\/locandapoggioleone.it\/de\/wp-json\/wp\/v2\/pages\/3091\/revisions\/3093"}],"wp:attachment":[{"href":"https:\/\/locandapoggioleone.it\/de\/wp-json\/wp\/v2\/media?parent=3091"}],"curies":[{"name":"wp","href":"https:\/\/api.w.org\/{rel}","templated":true}]}}