{"id":3089,"date":"2020-02-13T16:06:38","date_gmt":"2020-02-13T16:06:38","guid":{"rendered":"https:\/\/locandapoggioleone.it\/guida-umbria-toscana\/umbria-itinerari\/"},"modified":"2022-06-27T10:54:30","modified_gmt":"2022-06-27T10:54:30","slug":"umbrien-routen","status":"publish","type":"page","link":"https:\/\/locandapoggioleone.it\/de\/guide-umbrien-toskana\/umbrien-routen\/","title":{"rendered":"Umbria &#8211; Itinerari"},"content":{"rendered":"<p>[vc_row full_width=&#8220;stretch_row_content_no_spaces&#8220; equal_height=&#8220;yes&#8220; content_placement=&#8220;middle&#8220; css_animation=&#8220;fadeIn&#8220; css=&#8220;.vc_custom_1522159552509{border-top-width: 1px !important;border-top-color: #eeeeee !important;border-top-style: solid !important;}&#8220;][vc_column width=&#8220;1\/2&#8243; css=&#8220;.vc_custom_1523285124617{padding-top: 100px !important;padding-right: 100px !important;padding-bottom: 100px !important;padding-left: 100px !important;background-color: #ffffff !important;}&#8220; offset=&#8220;vc_hidden-xs&#8220;][vc_custom_heading text=&#8220;IM HERZEN ITALIENS&#8220; font_container=&#8220;tag:p|text_align:center|color:%23ccab56&#8243; use_theme_fonts=&#8220;yes&#8220; el_class=&#8220;sub-heading&#8220; css=&#8220;.vc_custom_1656327062118{margin-bottom: 15px !important;}&#8220;][vc_custom_heading text=&#8220;zwischen Umbrien und der Toskan&#8220; font_container=&#8220;tag:h2|text_align:center&#8220; use_theme_fonts=&#8220;yes&#8220; css_animation=&#8220;none&#8220;][vc_separator el_width=&#8220;10&#8243; css_animation=&#8220;none&#8220; el_class=&#8220;separator-rotate&#8220; css=&#8220;.vc_custom_1522160591144{margin-top: 30px !important;margin-bottom: 30px !important;}&#8220;][vc_column_text css=&#8220;.vc_custom_1656327124573{margin-bottom: 0px !important;}&#8220;]<\/p>\n<p style=\"text-align: center;\">Umbrien liegt im Herzen Italiens und ist eine von den kleinsten italienischen Regionen des Landes und die einzige italienische Halbinsel, die nicht vom Meer umsp\u00fclt wird. Umbrien liegt zentral, umgeben von Marken, Latium und der Toskana, das hei\u00dft es ist eine ideale Reiseziel f\u00fcr diejenigen, die nach so einem Urlaub suchen, der alte Aromen, Frieden und Ruhe umfasst.<\/p>\n<p>[\/vc_column_text][\/vc_column][vc_column width=&#8220;1\/2&#8243; css=&#8220;.vc_custom_1555689400697{padding-left: 0px !important;background-image: url(https:\/\/locandapoggioleone.it\/wp-content\/uploads\/2019\/04\/PIER1873-1.jpg?id=2056) !important;background-position: center !important;background-repeat: no-repeat !important;background-size: cover !important;}&#8220; offset=&#8220;vc_hidden-xs&#8220;][\/vc_column][\/vc_row][vc_row full_width=&#8220;stretch_row_content_no_spaces&#8220; equal_height=&#8220;yes&#8220; content_placement=&#8220;middle&#8220; css_animation=&#8220;fadeIn&#8220; css=&#8220;.vc_custom_1523285867772{border-top-width: 1px !important;border-top-color: #eeeeee !important;border-top-style: solid !important;}&#8220;][vc_column width=&#8220;1\/2&#8243; css=&#8220;.vc_custom_1523285873431{padding-top: 0px !important;background-position: center !important;background-repeat: no-repeat !important;background-size: cover !important;}&#8220; offset=&#8220;vc_hidden-lg vc_hidden-md vc_hidden-sm&#8220;][vc_single_image image=&#8220;2056&#8243; img_size=&#8220;full&#8220; css=&#8220;.vc_custom_1555689392718{margin-bottom: 0px !important;}&#8220;][\/vc_column][vc_column width=&#8220;1\/2&#8243; css=&#8220;.vc_custom_1523285788921{padding-top: 50px !important;padding-right: 50px !important;padding-bottom: 50px !important;padding-left: 50px !important;}&#8220; offset=&#8220;vc_hidden-lg vc_hidden-md vc_hidden-sm&#8220;][vc_custom_heading text=&#8220;IM HERZEN ITALIENS&#8220; font_container=&#8220;tag:p|text_align:center|color:%23ccab56&#8243; use_theme_fonts=&#8220;yes&#8220; el_class=&#8220;sub-heading&#8220; css=&#8220;.vc_custom_1656327065925{margin-bottom: 0px !important;}&#8220;][vc_custom_heading text=&#8220;zwischen Umbrien und der Toskan&#8220; font_container=&#8220;tag:h2|text_align:center&#8220; use_theme_fonts=&#8220;yes&#8220; css_animation=&#8220;none&#8220;][vc_separator el_width=&#8220;10&#8243; css_animation=&#8220;none&#8220; el_class=&#8220;separator-rotate&#8220; css=&#8220;.vc_custom_1522160591144{margin-top: 30px !important;margin-bottom: 30px !important;}&#8220;][vc_column_text css=&#8220;.vc_custom_1656327134566{margin-bottom: 0px !important;}&#8220;]<\/p>\n<p style=\"text-align: center;\">Umbrien liegt im Herzen Italiens und ist eine von den kleinsten italienischen Regionen des Landes und die einzige italienische Halbinsel, die nicht vom Meer umsp\u00fclt wird. Umbrien liegt zentral, umgeben von Marken, Latium und der Toskana, das hei\u00dft es ist eine ideale Reiseziel f\u00fcr diejenigen, die nach so einem Urlaub suchen, der alte Aromen, Frieden und Ruhe umfasst.<\/p>\n<p>[\/vc_column_text][\/vc_column][\/vc_row][vc_row full_width=&#8220;stretch_row_content_no_spaces&#8220; equal_height=&#8220;yes&#8220; content_placement=&#8220;middle&#8220; css_animation=&#8220;fadeIn&#8220;][vc_column width=&#8220;1\/2&#8243; css=&#8220;.vc_custom_1555689545098{padding-left: 0px !important;background-image: url(https:\/\/locandapoggioleone.it\/wp-content\/uploads\/2019\/04\/UMBRIA-1200&#215;400.jpg?id=2057) !important;background-position: center !important;background-repeat: no-repeat !important;background-size: cover !important;}&#8220; offset=&#8220;vc_hidden-xs&#8220;][\/vc_column][vc_column width=&#8220;1\/2&#8243; css=&#8220;.vc_custom_1523285094046{padding-top: 100px !important;padding-right: 100px !important;padding-bottom: 100px !important;padding-left: 100px !important;background-color: #ffffff !important;}&#8220; offset=&#8220;vc_hidden-xs&#8220;][vc_custom_heading text=&#8220;Umbrien&#8220; font_container=&#8220;tag:p|text_align:center|color:%23ccab56&#8243; use_theme_fonts=&#8220;yes&#8220; el_class=&#8220;sub-heading&#8220; css=&#8220;.vc_custom_1656327150941{margin-bottom: 15px !important;}&#8220;][vc_custom_heading text=&#8220;Umbrien&#8220; font_container=&#8220;tag:h2|text_align:center&#8220; use_theme_fonts=&#8220;yes&#8220;][vc_separator el_width=&#8220;10&#8243; el_class=&#8220;separator-rotate&#8220; css=&#8220;.vc_custom_1518181620857{margin-top: 30px !important;margin-bottom: 30px !important;}&#8220;][vc_column_text]<\/p>\n<p style=\"text-align: center;\">Kleine D\u00f6rfer mit mittelalterlicher Atmopsh\u00e4re samt r\u00f6mischen oder etruskische Mauern; mit Familien, die seit Generationen in alten Bauernh\u00e4usern aus Stein und Ziegeln, in Olivenhainen, auf Weinbergen und Sonnenblumenfeldern leben: Umbrien ist das und noch viel mehr.<\/p>\n<p>Das ist der \u201cl\u00e4ndlichste\u201d Teil des ganzen Landes, bestreut mit ummauerten mittelalterlichen D\u00f6rfern, mit sanften, kultivierten H\u00e4ngen und Weinbergen. Seine Landschaft \u00e4hnelt der Region von der Toskana, vor allem im n\u00f6rdlichen Teil Umbriens, aber dieses Gebiet ist wilder, weniger kultiviert und ist von der wundersch\u00f6nen, unber\u00fchrten Natur, die \u00fcber erstauende Felsformationen verf\u00fcgt, gepr\u00e4gt.<\/p>\n<p>&nbsp;<\/p>\n<p><strong>Sehenswerte Orte, die man nicht vermissen darf<\/strong><strong>:<\/strong><\/p>\n<p>1) Am See<br \/>\n\u2013 Castiglione del Lago \u2013 Citta della Pieve \u2013 Paciano \u2013 Panicale \u2013 Isola Polvese \u2013 Isola Maggiore<br \/>\n2) Perugia<br \/>\n3) Assisi \u2013 Spello<br \/>\n4) Strada del Sagrantino\u00a0 \u2013 Montefalco \u2013 Bevagna \u2013 Trevi<br \/>\n5) Gubbio[\/vc_column_text][\/vc_column][\/vc_row][vc_row full_width=&#8220;stretch_row_content_no_spaces&#8220; equal_height=&#8220;yes&#8220; content_placement=&#8220;middle&#8220; css_animation=&#8220;fadeIn&#8220;][vc_column width=&#8220;1\/2&#8243; css=&#8220;.vc_custom_1555689066821{padding-left: 0px !important;background-image: url(https:\/\/locandapoggioleone.it\/wp-content\/uploads\/2019\/04\/trasimeno-13.jpg?id=2054) !important;background-position: center !important;background-repeat: no-repeat !important;background-size: cover !important;}&#8220; offset=&#8220;vc_hidden-xs&#8220;][\/vc_column][vc_column width=&#8220;1\/2&#8243; css=&#8220;.vc_custom_1523285111599{padding-top: 100px !important;padding-right: 100px !important;padding-bottom: 100px !important;padding-left: 100px !important;background-color: #ffffff !important;}&#8220; offset=&#8220;vc_hidden-xs&#8220;][vc_custom_heading text=&#8220;IM GR\u00dcNEN EINGETAUCHT&#8220; font_container=&#8220;tag:p|text_align:center|color:%23ccab56&#8243; use_theme_fonts=&#8220;yes&#8220; el_class=&#8220;sub-heading&#8220; css=&#8220;.vc_custom_1656327171630{margin-bottom: 15px !important;}&#8220;][vc_custom_heading text=&#8220;nicht weit vom Trasimenischen See entfernt&#8220; font_container=&#8220;tag:h2|text_align:center&#8220; use_theme_fonts=&#8220;yes&#8220; css_animation=&#8220;none&#8220;][vc_separator el_width=&#8220;10&#8243; el_class=&#8220;separator-rotate&#8220; css=&#8220;.vc_custom_1518181620857{margin-top: 30px !important;margin-bottom: 30px !important;}&#8220;][vc_column_text]<\/p>\n<p style=\"text-align: center;\">Das vorwiegend h\u00fcgelige Gebiet bietet eine gro\u00dfe Vielfalt an morphologischen Merkmalen und Landschaften sowie eine Abfolge von T\u00e4lern, Bergketten, Hochebenen und Ebenen. Eine perfekte Szenerie f\u00fcr einen Urlaub in Kontakt mit der Natur.Die strategische Lage von Pozzuolo an der Grenze zur \u00f6stlichen Toskana, erschlie\u00dft zahlreiche Wege in die toskanischen H\u00fcgel sowie eine schnelle Verbindung mit Florenz.<\/p>\n<p>[\/vc_column_text][\/vc_column][\/vc_row][vc_row full_width=&#8220;stretch_row_content_no_spaces&#8220; equal_height=&#8220;yes&#8220; content_placement=&#8220;middle&#8220; css_animation=&#8220;fadeIn&#8220;][vc_column width=&#8220;1\/2&#8243; css=&#8220;.vc_custom_1523285888227{padding-top: 0px !important;background-position: center !important;background-repeat: no-repeat !important;background-size: cover !important;}&#8220; offset=&#8220;vc_hidden-lg vc_hidden-md vc_hidden-sm&#8220;][vc_single_image image=&#8220;2054&#8243; img_size=&#8220;full&#8220; css=&#8220;.vc_custom_1555689077515{margin-bottom: 0px !important;}&#8220;][\/vc_column][vc_column width=&#8220;1\/2&#8243; css=&#8220;.vc_custom_1523285807757{padding-top: 50px !important;padding-right: 50px !important;padding-bottom: 50px !important;padding-left: 50px !important;}&#8220; offset=&#8220;vc_hidden-lg vc_hidden-md vc_hidden-sm&#8220;][vc_custom_heading text=&#8220;IM GR\u00dcNEN EINGETAUCHT&#8220; font_container=&#8220;tag:p|text_align:center|color:%23ccab56&#8243; use_theme_fonts=&#8220;yes&#8220; el_class=&#8220;sub-heading&#8220; css=&#8220;.vc_custom_1656327171630{margin-bottom: 15px !important;}&#8220;][vc_custom_heading text=&#8220;nicht weit vom Trasimenischen See entfernt&#8220; font_container=&#8220;tag:h2|text_align:center&#8220; use_theme_fonts=&#8220;yes&#8220; css_animation=&#8220;none&#8220;][vc_separator el_width=&#8220;10&#8243; el_class=&#8220;separator-rotate&#8220; css=&#8220;.vc_custom_1518181620857{margin-top: 30px !important;margin-bottom: 30px !important;}&#8220;][vc_column_text css=&#8220;.vc_custom_1656327205917{margin-bottom: 0px !important;}&#8220;]<\/p>\n<p style=\"text-align: center;\">Das vorwiegend h\u00fcgelige Gebiet bietet eine gro\u00dfe Vielfalt an morphologischen Merkmalen und Landschaften sowie eine Abfolge von T\u00e4lern, Bergketten, Hochebenen und Ebenen. Eine perfekte Szenerie f\u00fcr einen Urlaub in Kontakt mit der Natur.Die strategische Lage von Pozzuolo an der Grenze zur \u00f6stlichen Toskana, erschlie\u00dft zahlreiche Wege in die toskanischen H\u00fcgel sowie eine schnelle Verbindung mit Florenz.<\/p>\n<p><strong>\u00a0<\/strong>[\/vc_column_text][\/vc_column][\/vc_row][vc_row full_width=&#8220;stretch_row_content_no_spaces&#8220; equal_height=&#8220;yes&#8220; content_placement=&#8220;middle&#8220; css_animation=&#8220;fadeIn&#8220;][vc_column width=&#8220;1\/2&#8243; css=&#8220;.vc_custom_1523285919031{padding-top: 0px !important;background-position: center !important;background-repeat: no-repeat !important;background-size: cover !important;}&#8220; offset=&#8220;vc_hidden-lg vc_hidden-md vc_hidden-sm&#8220;][vc_single_image image=&#8220;2057&#8243; img_size=&#8220;full&#8220; css=&#8220;.vc_custom_1555689555922{margin-bottom: 0px !important;}&#8220;][\/vc_column][vc_column width=&#8220;1\/2&#8243; css=&#8220;.vc_custom_1523285668848{padding-top: 50px !important;padding-right: 50px !important;padding-bottom: 50px !important;padding-left: 50px !important;}&#8220; offset=&#8220;vc_hidden-lg vc_hidden-md vc_hidden-sm&#8220;][vc_custom_heading text=&#8220;Umbrien&#8220; font_container=&#8220;tag:p|text_align:center|color:%23ccab56&#8243; use_theme_fonts=&#8220;yes&#8220; el_class=&#8220;sub-heading&#8220; css=&#8220;.vc_custom_1656327150941{margin-bottom: 15px !important;}&#8220;][vc_custom_heading text=&#8220;Umbrien&#8220; font_container=&#8220;tag:h2|text_align:center&#8220; use_theme_fonts=&#8220;yes&#8220;][vc_separator el_width=&#8220;10&#8243; el_class=&#8220;separator-rotate&#8220; css=&#8220;.vc_custom_1518181620857{margin-top: 30px !important;margin-bottom: 30px !important;}&#8220;][vc_column_text]<\/p>\n<p style=\"text-align: center;\">Kleine D\u00f6rfer mit mittelalterlicher Atmopsh\u00e4re samt r\u00f6mischen oder etruskische Mauern; mit Familien, die seit Generationen in alten Bauernh\u00e4usern aus Stein und Ziegeln, in Olivenhainen, auf Weinbergen und Sonnenblumenfeldern leben: Umbrien ist das und noch viel mehr.<\/p>\n<p>Das ist der \u201cl\u00e4ndlichste\u201d Teil des ganzen Landes, bestreut mit ummauerten mittelalterlichen D\u00f6rfern, mit sanften, kultivierten H\u00e4ngen und Weinbergen. Seine Landschaft \u00e4hnelt der Region von der Toskana, vor allem im n\u00f6rdlichen Teil Umbriens, aber dieses Gebiet ist wilder, weniger kultiviert und ist von der wundersch\u00f6nen, unber\u00fchrten Natur, die \u00fcber erstauende Felsformationen verf\u00fcgt, gepr\u00e4gt.<\/p>\n<p>&nbsp;<\/p>\n<p><strong>Sehenswerte Orte, die man nicht vermissen darf<\/strong><strong>:<\/strong><\/p>\n<p>1) Am See<br \/>\n\u2013 Castiglione del Lago \u2013 Citta della Pieve \u2013 Paciano \u2013 Panicale \u2013 Isola Polvese \u2013 Isola Maggiore<br \/>\n2) Perugia<br \/>\n3) Assisi \u2013 Spello<br \/>\n4) Strada del Sagrantino\u00a0 \u2013 Montefalco \u2013 Bevagna \u2013 Trevi<br \/>\n5) Gubbio[\/vc_column_text][\/vc_column][\/vc_row]<\/p>\n","protected":false},"excerpt":{"rendered":"<p>[vc_row full_width=&#8220;stretch_row_content_no_spaces&#8220; equal_height=&#8220;yes&#8220; content_placement=&#8220;middle&#8220; css_animation=&#8220;fadeIn&#8220; css=&#8220;.vc_custom_1522159552509{border-top-width: 1px !important;border-top-color: #eeeeee !important;border-top-style: solid !important;}&#8220;][vc_column width=&#8220;1\/2&#8243; css=&#8220;.vc_custom_1523285124617{padding-top: 100px !important;padding-right: 100px !important;padding-bottom: 100px !important;padding-left: 100px !important;background-color: #ffffff !important;}&#8220; offset=&#8220;vc_hidden-xs&#8220;][vc_custom_heading text=&#8220;IM HERZEN ITALIENS&#8220; font_container=&#8220;tag:p|text_align:center|color:%23ccab56&#8243; use_theme_fonts=&#8220;yes&#8220; el_class=&#8220;sub-heading&#8220; css=&#8220;.vc_custom_1656327062118{margin-bottom: 15px !important;}&#8220;][vc_custom_heading text=&#8220;zwischen Umbrien und der Toskan&#8220; font_container=&#8220;tag:h2|text_align:center&#8220; use_theme_fonts=&#8220;yes&#8220; css_animation=&#8220;none&#8220;][vc_separator el_width=&#8220;10&#8243; css_animation=&#8220;none&#8220; el_class=&#8220;separator-rotate&#8220; css=&#8220;.vc_custom_1522160591144{margin-top: 30px !important;margin-bottom: 30px !important;}&#8220;][vc_column_text css=&#8220;.vc_custom_1656327124573{margin-bottom: 0px !important;}&#8220;] Umbrien liegt&hellip;<\/p>\n","protected":false},"author":1,"featured_media":0,"parent":3088,"menu_order":27,"comment_status":"closed","ping_status":"closed","template":"","meta":[],"aioseo_notices":[],"_links":{"self":[{"href":"https:\/\/locandapoggioleone.it\/de\/wp-json\/wp\/v2\/pages\/3089"}],"collection":[{"href":"https:\/\/locandapoggioleone.it\/de\/wp-json\/wp\/v2\/pages"}],"about":[{"href":"https:\/\/locandapoggioleone.it\/de\/wp-json\/wp\/v2\/types\/page"}],"author":[{"embeddable":true,"href":"https:\/\/locandapoggioleone.it\/de\/wp-json\/wp\/v2\/users\/1"}],"replies":[{"embeddable":true,"href":"https:\/\/locandapoggioleone.it\/de\/wp-json\/wp\/v2\/comments?post=3089"}],"version-history":[{"count":2,"href":"https:\/\/locandapoggioleone.it\/de\/wp-json\/wp\/v2\/pages\/3089\/revisions"}],"predecessor-version":[{"id":3103,"href":"https:\/\/locandapoggioleone.it\/de\/wp-json\/wp\/v2\/pages\/3089\/revisions\/3103"}],"up":[{"embeddable":true,"href":"https:\/\/locandapoggioleone.it\/de\/wp-json\/wp\/v2\/pages\/3088"}],"wp:attachment":[{"href":"https:\/\/locandapoggioleone.it\/de\/wp-json\/wp\/v2\/media?parent=3089"}],"curies":[{"name":"wp","href":"https:\/\/api.w.org\/{rel}","templated":true}]}}