{"id":3085,"date":"2019-04-20T08:43:41","date_gmt":"2019-04-20T08:43:41","guid":{"rendered":"https:\/\/locandapoggioleone.it\/camere-hotel-umbria\/"},"modified":"2026-01-15T11:40:20","modified_gmt":"2026-01-15T11:40:20","slug":"zimmer-hotel-umbria","status":"publish","type":"page","link":"https:\/\/locandapoggioleone.it\/de\/zimmer-hotel-umbria\/","title":{"rendered":"Zimmer"},"content":{"rendered":"<p>[vc_row][vc_column][vc_column_text]<\/p>\n<h1 style=\"text-align: center;\">Unsere Zimmer<\/h1>\n<h2 style=\"text-align: center;\">Eine herzliche Umarmung<br \/>\n<img loading=\"lazy\" class=\"title-divider aligncenter wp-image-1276\" src=\"https:\/\/locandapoggioleone.it\/wp-content\/uploads\/2018\/03\/divider2.png\" alt=\"\" width=\"250\" height=\"22\" srcset=\"https:\/\/locandapoggioleone.it\/wp-content\/uploads\/2018\/03\/divider2.png 432w, https:\/\/locandapoggioleone.it\/wp-content\/uploads\/2018\/03\/divider2-300x26.png 300w\" sizes=\"(max-width: 250px) 100vw, 250px\" \/><\/h2>\n<p>Vergessen Sie die kalten und unpers\u00f6nlichen Hotelzimmer. Bei einem Aufenthalt in Locanda Poggioleone werden Sie das Vergn\u00fcgen haben, sich von der herzlichen Umarmung von einer famili\u00e4ren Atmosph\u00e4re umgeben zu f\u00fchlen: Terrakottaboden, Balkendecken, antike M\u00f6belst\u00fccke und unser vornehmes Design werden daf\u00fcr sorgen, dass Sie sich wie zu Hause f\u00fchlen. Dieses traditionelle Gef\u00fchl ist aber mit den besten Elementen der Modernit\u00e4t integriert, von den Badezimmerausr\u00fcstungen bis zum Minibar, von Klimaanlagen bis zum Kabelrundfunk, vom Fernseher bis zum Safe.<\/p>\n<p>Feine Bettlaken, Bettdecken und Handt\u00fccher gew\u00e4hrleisten Ihnen immer ein angenehmes Gef\u00fchl. Sie haben ebenfalls die Gelegenheit, ein pr\u00e4chtiges Wohnzimmer zu nutzen, in dem Sie sich entspannen, ein bisschen lesen oder sich unterhalten k\u00f6nnen. Dar\u00fcber hinaus stellen wir Ihnen eine Garage zur Verf\u00fcgung, wo Sie Ihren Wagen sicher aufbewahren d\u00fcrfen.[\/vc_column_text][\/vc_column][\/vc_row][vc_row][vc_column][lab_portfolio_items category_filter=&#8220;no&#8220; columns=&#8220;5&#8243;][\/vc_column][\/vc_row]<\/p>\n","protected":false},"excerpt":{"rendered":"<p>[vc_row][vc_column][vc_column_text] Unsere Zimmer Eine herzliche Umarmung Vergessen Sie die kalten und unpers\u00f6nlichen Hotelzimmer. Bei einem Aufenthalt in Locanda Poggioleone werden Sie das Vergn\u00fcgen haben, sich von der herzlichen Umarmung von einer famili\u00e4ren Atmosph\u00e4re umgeben zu f\u00fchlen: Terrakottaboden, Balkendecken, antike M\u00f6belst\u00fccke und unser vornehmes Design werden daf\u00fcr sorgen, dass Sie sich wie zu Hause f\u00fchlen. Dieses&hellip;<\/p>\n","protected":false},"author":1,"featured_media":0,"parent":0,"menu_order":33,"comment_status":"closed","ping_status":"closed","template":"","meta":[],"aioseo_notices":[],"_links":{"self":[{"href":"https:\/\/locandapoggioleone.it\/de\/wp-json\/wp\/v2\/pages\/3085"}],"collection":[{"href":"https:\/\/locandapoggioleone.it\/de\/wp-json\/wp\/v2\/pages"}],"about":[{"href":"https:\/\/locandapoggioleone.it\/de\/wp-json\/wp\/v2\/types\/page"}],"author":[{"embeddable":true,"href":"https:\/\/locandapoggioleone.it\/de\/wp-json\/wp\/v2\/users\/1"}],"replies":[{"embeddable":true,"href":"https:\/\/locandapoggioleone.it\/de\/wp-json\/wp\/v2\/comments?post=3085"}],"version-history":[{"count":3,"href":"https:\/\/locandapoggioleone.it\/de\/wp-json\/wp\/v2\/pages\/3085\/revisions"}],"predecessor-version":[{"id":4560,"href":"https:\/\/locandapoggioleone.it\/de\/wp-json\/wp\/v2\/pages\/3085\/revisions\/4560"}],"wp:attachment":[{"href":"https:\/\/locandapoggioleone.it\/de\/wp-json\/wp\/v2\/media?parent=3085"}],"curies":[{"name":"wp","href":"https:\/\/api.w.org\/{rel}","templated":true}]}}